{"id":13467,"date":"2022-06-07T18:44:20","date_gmt":"2022-06-07T18:44:20","guid":{"rendered":"https:\/\/casaalbets.cat\/nosaltres-copy\/"},"modified":"2025-05-29T14:56:56","modified_gmt":"2025-05-29T14:56:56","slug":"pet-friendly","status":"publish","type":"page","link":"https:\/\/casaalbets.cat\/ca\/pet-friendly\/","title":{"rendered":"PET FRIENDLY"},"content":{"rendered":"<div class=\"wpb-content-wrapper\">[vc_row full_width=&#8221;stretch_row_content_no_spaces&#8221; el_class=&#8221;header-pages&#8221; css=&#8221;.vc_custom_1744104880120{margin-bottom: 50px !important;background-image: url(https:\/\/casaalbets.cat\/wp-content\/uploads\/2025\/04\/F53-Verde-cabecea-scaled.jpg?id=16491) !important;background-position: center !important;background-repeat: no-repeat !important;background-size: cover !important;}&#8221; wpex_bg_position=&#8221;bottom center&#8221;][vc_column el_class=&#8221;column-bg&#8221; css=&#8221;.vc_custom_1525846768800{padding-top: 180px !important;padding-bottom: 180px !important;}&#8221;][vc_column_text css=&#8221;&#8221; el_class=&#8221;cabecera1&#8243;]\n<h1 style=\"text-align: center;\">Hotel 4 estrelles pet friendly a menys de dues hores de Barcelona<\/h1>\n[\/vc_column_text][vc_column_text css=&#8221;&#8221; el_class=&#8221;cabecera2&#8243;]\n<h2 style=\"text-align: center;\">Comparteix moments especials amb el teu millor amic<\/h2>\n[\/vc_column_text]<div class=\"vcex-sshortcode clr\"><div id='reservas'><\/div>\r\n\t<script\r\n        type='text\/javascript'> window.addEventListener('DOMContentLoaded',\r\n        function (event) {\r\n            let id_partner = '2809';\r\n            let container_div = 'body';\r\n            let lang = 'es';\r\n            let cod_promo = true;\r\n            let engine_color = '#628b3d';\r\n            let darkmode = false;\r\n            let rounded = '2px';\r\n            let shadow = '2px';\r\n            let corporate_engines = undefined;\r\n            let corporate_type = undefined;\r\n            let fnsbooking = new FNSbooking(id_partner, container_div, lang, engine_color, cod_promo, darkmode, rounded, shadow, corporate_engines, corporate_type);\r\n            let custom_styles = undefined;\r\n            fnsbooking.setCustomStyles(custom_styles);\r\n            fnsbooking.show();\r\n        });\r\n        <\/script><\/div>[\/vc_column][\/vc_row][vc_row][vc_column]<div class=\"vcex-spacing\" style=\"height:60px\"><\/div>[vc_column_text css=&#8221;&#8221;]\n<p style=\"text-align: center;\">Sabem que viatjar amb el teu amic de quatre potes pot ser tot un repte.<\/p>\n<p style=\"text-align: center;\">Trobar un lloc segur i c\u00f2mode on pugui c\u00f3rrer, sense preocupar-te per si molesta a altres hostes, sembla quasi impossible, oi?<\/p>\n<p style=\"text-align: center;\">Deixa que et digui que aqu\u00ed, aquesta utopia es fa realitat.<\/p>\n<p style=\"text-align: center;\">A Casa Albets el teu gos ser\u00e0 m\u00e9s que benvingut.<\/p>\n<p style=\"text-align: center;\">T&#8217;ho explico.<\/p>\n[\/vc_column_text][\/vc_column][\/vc_row][vc_row][vc_column width=&#8221;2\/3&#8243;]<div class=\"vcex-spacing\" style=\"height:120px\"><\/div>[vc_column_text css=&#8221;&#8221; el_class=&#8221;textocabecera centrarmobile&#8221;]\n<h3 style=\"text-align: right;\">Per qu\u00e8 triar Casa Albets?<\/h3>\n[\/vc_column_text]<div class=\"vcex-spacing\" style=\"height:30px\"><\/div>[vc_column_text css=&#8221;&#8221; el_class=&#8221;centrarmobile&#8221;]\n<p style=\"text-align: right;\">Si comparteixes la nostra convicci\u00f3 que tots els animals mereixen respecte i amor, pensem igual.<\/p>\n<p style=\"text-align: right;\">Com a veganes compromeses, rebutgem qualsevol forma d&#8217;explotaci\u00f3 animal. A Casa Albets, ens esforcem per fomentar aquests valors, creant un ambient d&#8217;harmonia on tant humans com gossos puguin viure una estada feli\u00e7 i relaxada.<\/p>\n[\/vc_column_text]<div class=\"vcex-spacing\" style=\"height:30px\"><\/div>[\/vc_column][vc_column width=&#8221;1\/3&#8243; css=&#8221;.vc_custom_1744106691725{padding-left: 40px !important;}&#8221; el_class=&#8221;nopaddingmobile&#8221;]<div class=\"vcex-spacing\" style=\"height:90px\"><\/div>[vc_single_image image=&#8221;16497&#8243; img_size=&#8221;650&#215;650&#8243; onclick=&#8221;link_image&#8221; css=&#8221;&#8221; el_class=&#8221;borde_redondeado&#8221;][\/vc_column][\/vc_row][vc_row][vc_column width=&#8221;2\/3&#8243; css=&#8221;.vc_custom_1744106697474{padding-right: 40px !important;}&#8221; el_class=&#8221;nopaddingmobile&#8221;]<div class=\"vcex-spacing\" style=\"height:120px\"><\/div>[vc_column_text css=&#8221;&#8221; el_class=&#8221;textocabecera centrarmobile&#8221;]\n<h3 style=\"text-align: right;\">Serveis que cobreixen les seves necessitats<\/h3>\n[\/vc_column_text]<div class=\"vcex-spacing\" style=\"height:30px\"><\/div>[vc_column_text css=&#8221;&#8221; el_class=&#8221;centrarmobile&#8221;]\n<p style=\"text-align: right;\">Volem que el teu millor amic se senti com a casa, es relaxi i gaudeixi de les seves vacances amb totes les comoditats, igual que tu. \u00c9s per aix\u00f2 que, en arribar a l&#8217;habitaci\u00f3, el teu company pelut trobar\u00e0:<\/p>\n<p style=\"text-align: right;\">&#8211; Un acollidor llit propi, disponible en diferents mides (S,M o L) perqu\u00e8 tots dos pugueu descansar a pata suelta.<br \/>\n&#8211; Dos bols, un per posar menjar i un altre per posar aigua, aix\u00ed no far\u00e0 falta que portis els seus de casa.<\/p>\n[\/vc_column_text]<div class=\"vcex-spacing\" style=\"height:30px\"><\/div>[\/vc_column][vc_column width=&#8221;1\/3&#8243;]<div class=\"vcex-spacing\" style=\"height:90px\"><\/div>[vc_single_image image=&#8221;16503&#8243; img_size=&#8221;650&#215;650&#8243; onclick=&#8221;link_image&#8221; css=&#8221;&#8221; el_class=&#8221;borde_redondeado&#8221;][\/vc_column][\/vc_row][vc_row][vc_column width=&#8221;2\/3&#8243;]<div class=\"vcex-spacing\" style=\"height:120px\"><\/div>[vc_column_text css=&#8221;&#8221; el_class=&#8221;textocabecera centrarmobile&#8221;]\n<h3 style=\"text-align: right;\">Entorn id\u00edl\u00b7lic per a tu i el teu millor amic<\/h3>\n[\/vc_column_text]<div class=\"vcex-spacing\" style=\"height:30px\"><\/div>[vc_column_text css=&#8221;&#8221; el_class=&#8221;centrarmobile&#8221;]\n<p style=\"text-align: right;\">Imagina fer llargs passejos pel bosc, contemplar el capvespre a les muntanyes o assaborir un delici\u00f3s sopar acompanyat del teu millor amic.<\/p>\n<p style=\"text-align: right;\">Aqu\u00ed, el teu company pelut no ser\u00e0 considerat una mol\u00e8stia, tot el contrari! Estem sempre atentes per a resoldre qualsevol necessitat o inconvenient que pugui sorgir, perqu\u00e8 la vostra estada sigui perfecta.<\/p>\n[\/vc_column_text]<div class=\"vcex-spacing\" style=\"height:30px\"><\/div>[\/vc_column][vc_column width=&#8221;1\/3&#8243; css=&#8221;.vc_custom_1744106691725{padding-left: 40px !important;}&#8221; el_class=&#8221;nopaddingmobile&#8221;]<div class=\"vcex-spacing\" style=\"height:90px\"><\/div>[vc_single_image image=&#8221;16509&#8243; img_size=&#8221;650&#215;650&#8243; onclick=&#8221;link_image&#8221; css=&#8221;&#8221; el_class=&#8221;borde_redondeado&#8221;][\/vc_column][\/vc_row][vc_row][vc_column]<div class=\"vcex-spacing\" style=\"height:60px\"><\/div>[vc_column_text css=&#8221;&#8221; el_class=&#8221;cta_nsc&#8221;]\n<h3 style=\"text-align: center;\">Reserva l&#8217;estada pel teu gos en 4 passos <span class=\"vc_icon_element-icon fas fa-chevron-right\">\u00a0<\/span><\/h3>\n[\/vc_column_text]<div class=\"vcex-spacing\" style=\"height:30px\"><\/div>[vc_column_text css=&#8221;&#8221;]\n<p style=\"text-align: center;\"><strong>1. Escull les dates que us vagin millor per fer-nos una visita<\/strong><br \/>\n<strong>2. Escull la vostra habitaci\u00f3 preferida<\/strong><br \/>\n<strong>3. Afegeix el gos abans de finalitzar la reserva<\/strong><br \/>\n<strong>4. Indica la mida als comentaris per tal que puguem prepara-li el llitet<\/strong><\/p>\n[\/vc_column_text]<div class=\"vcex-spacing\" style=\"height:30px\"><\/div>[vc_column_text css=&#8221;&#8221;]\n<p style=\"text-align: center;\">Si no ens ho has dit, abans del dia d&#8217;arribada t&#8217;escriurem per saber la mida del gos i aix\u00ed poder posar-li el llit que millor li vagi.<\/p>\n[\/vc_column_text]<div class=\"vcex-spacing\" style=\"height:30px\"><\/div>[\/vc_column][\/vc_row][vc_row][vc_column]<div class=\"vcex-spacing\" style=\"height:60px\"><\/div>[vc_column_text css=&#8221;&#8221; el_class=&#8221;textocabecera&#8221;]\n<h3 style=\"text-align: center;\">Coneix les nostres condicions generals per venir amb el teu company<\/h3>\n[\/vc_column_text]<div class=\"vcex-spacing\" style=\"height:30px\"><\/div>[vc_column_text css=&#8221;&#8221;]\n<p style=\"text-align: center;\">Estem encantades d&#8217;obrir les nostres portes tant a humans com a peluts. Nom\u00e9s et demanem que llegeixis atentament la nostra normativa per a assegurar-nos que tant tu com el teu amic pelut tindreu una estada inoblidable.<\/p>\n[\/vc_column_text]<div class=\"vcex-spacing\" style=\"height:30px\"><\/div>[vc_column_text css=&#8221;&#8221;]\n<p style=\"text-align: center;\"><strong>Quins gossos s&#8217;accepten?<\/strong><br \/>\nTots s\u00f3n benvinguts, no ens importa la seva mida o ra\u00e7a.<\/p>\n<p style=\"text-align: center;\"><strong>Puc allotjar-me amb m\u00e9s d&#8217;un gos per habitaci\u00f3?<\/strong><br \/>\nViatges amb m\u00e9s d&#8217;un amic pelut? Cap problema, a Casa Albets pots allotjar-te amb m\u00e9s d&#8217;un gos en una mateixa habitaci\u00f3, nom\u00e9s ens ho has de dir.<\/p>\n<p style=\"text-align: center;\"><strong>Quin preu t\u00e9 aquest servei?<\/strong><br \/>\nPer 18 \u20ac per nit i gos, el teu company gaudir\u00e0 d&#8217;una estada de luxe que inclou llit i bols per la seva comoditat.<\/p>\n<p style=\"text-align: center;\"><strong>Per qu\u00e8 cobreu el servei pet friendly?<\/strong><br \/>\nEstem encantades d&#8217;allotjar als nostres amics peluts, no obstant aix\u00f2, comporta un cost extra en preparaci\u00f3 de les habitacions, neteja tant dels espais comuns com de les habitacions i en atenci\u00f3 personalitzada.<\/p>\n<p style=\"text-align: center;\"><strong>A quines zones pot estar el meu gos?<\/strong><br \/>\nEl nostre hotel est\u00e0 obert per tal que els gossos gaudeixin de tots els espais, excepte a la zona de la piscina (la llei no ho permet). Molt a prop de l&#8217;hotel tenim una bassa natural on els gossos s\u00ed que poden anar a refrescar-se.<\/p>\n<p style=\"text-align: center;\"><strong>Puc deixar-lo sense corretja?<\/strong><br \/>\nA les zones exteriors s\u00ed, per\u00f2 dins de l&#8217;hotel els gossos han d&#8217;anar lligats per garantir la seguretat de tothom.<\/p>\n<p style=\"text-align: center;\"><strong>Puc deixar-lo sol a l&#8217;habitaci\u00f3?<\/strong><br \/>\nEl teu company no podr\u00e0 quedar-se sol a l&#8217;habitaci\u00f3 (excepte casos concrets). Si ho necessites, podries deixar-lo sol a l&#8217;habitaci\u00f3 amb una c\u00e0mera estil vigila-nadons. El m\u00e9s f\u00e0cil \u00e9s fer una videotrucada de WhatsApp. Sempre si sou dins l&#8217;hotel (per poder anar a buscar-lo si cal).<\/p>\n<p style=\"text-align: center;\"><strong>Poden entrar els gossos al restaurant?<\/strong><br \/>\nS\u00ed, podr\u00e0s gaudir del sopar acompanyada del teu millor amic.<\/p>\n<p style=\"text-align: center;\"><strong>Qu\u00e8 passa si el meu gos fa malb\u00e9 alguna cosa?<\/strong><br \/>\nLes persones responsables dels animals es faran c\u00e0rrec dels danys que puguin produir-se durant l&#8217;estada, tant al mobiliari com a terceres persones.<\/p>\n<p style=\"text-align: center;\"><strong>Puc banyar al meu gos?<\/strong><br \/>\nTenim una zona on s\u00ed que pots banyar-lo. No est\u00e0 perm\u00e8s netejar cap animal a les instal\u00b7lacions de l&#8217;habitaci\u00f3 (lavabos, banyeres i dutxes).<\/p>\n<p style=\"text-align: center;\"><strong>He de recollir les caques?<\/strong><br \/>\nS\u00ed, com a persona responsable, has de recollir les caques que el teu gos faci a totes les \u00e0rees de l&#8217;hotel.<\/p>\n[\/vc_column_text]<div class=\"vcex-spacing\" style=\"height:100px\"><\/div>[\/vc_column][\/vc_row][vc_row el_class=&#8221;displaynone&#8221;][vc_column][vc_icon icon_fontawesome=&#8221;fas fa-angle-right&#8221; css=&#8221;&#8221;][\/vc_column][\/vc_row]\n<\/div>","protected":false},"excerpt":{"rendered":"<p>[vc_row full_width=&#8221;stretch_row_content_no_spaces&#8221; el_class=&#8221;header-pages&#8221; css=&#8221;.vc_custom_1744104880120{margin-bottom: 50px !important;background-image: url(https:\/\/casaalbets.cat\/wp-content\/uploads\/2025\/04\/F53-Verde-cabecea-scaled.jpg?id=16491) !important;background-position: center !important;background-repeat: no-repeat !important;background-size: cover !important;}&#8221; wpex_bg_position=&#8221;bottom center&#8221;][vc_column el_class=&#8221;column-bg&#8221; css=&#8221;.vc_custom_1525846768800{padding-top: 180px !important;padding-bottom: 180px !important;}&#8221;][vc_column_text css=&#8221;&#8221; el_class=&#8221;cabecera1&#8243;] Hotel 4 estrelles pet friendly a menys de dues hores de Barcelona [\/vc_column_text][vc_column_text css=&#8221;&#8221; el_class=&#8221;cabecera2&#8243;] Comparteix&hellip;<\/p>\n","protected":false},"author":8,"featured_media":0,"parent":0,"menu_order":0,"comment_status":"closed","ping_status":"closed","template":"","meta":{"_joinchat":[],"footnotes":""},"yoast_head":"<!-- This site is optimized with the Yoast SEO plugin v23.0 - https:\/\/yoast.com\/wordpress\/plugins\/seo\/ -->\n<title>PET FRIENDLY - Casa Albets<\/title>\n<meta name=\"robots\" content=\"index, follow, max-snippet:-1, max-image-preview:large, max-video-preview:-1\" \/>\n<link rel=\"canonical\" href=\"https:\/\/casaalbets.cat\/ca\/pet-friendly\/\" \/>\n<meta property=\"og:locale\" content=\"ca_ES\" \/>\n<meta property=\"og:type\" content=\"article\" \/>\n<meta property=\"og:title\" content=\"PET FRIENDLY - Casa Albets\" \/>\n<meta property=\"og:description\" content=\"[vc_row full_width=&#8221;stretch_row_content_no_spaces&#8221; el_class=&#8221;header-pages&#8221; css=&#8221;.vc_custom_1744104880120{margin-bottom: 50px !important;background-image: url(https:\/\/casaalbets.cat\/wp-content\/uploads\/2025\/04\/F53-Verde-cabecea-scaled.jpg?id=16491) !important;background-position: center !important;background-repeat: no-repeat !important;background-size: cover !important;}&#8221; wpex_bg_position=&#8221;bottom center&#8221;][vc_column el_class=&#8221;column-bg&#8221; css=&#8221;.vc_custom_1525846768800{padding-top: 180px !important;padding-bottom: 180px !important;}&#8221;][vc_column_text css=&#8221;&#8221; el_class=&#8221;cabecera1&#8243;] Hotel 4 estrelles pet friendly a menys de dues hores de Barcelona [\/vc_column_text][vc_column_text css=&#8221;&#8221; el_class=&#8221;cabecera2&#8243;] Comparteix&hellip;\" \/>\n<meta property=\"og:url\" content=\"https:\/\/casaalbets.cat\/ca\/pet-friendly\/\" \/>\n<meta property=\"og:site_name\" content=\"Casa Albets\" \/>\n<meta property=\"article:modified_time\" content=\"2025-05-29T14:56:56+00:00\" \/>\n<meta name=\"twitter:card\" content=\"summary_large_image\" \/>\n<meta name=\"twitter:label1\" content=\"Temps estimat de lectura\" \/>\n\t<meta name=\"twitter:data1\" content=\"6 minuts\" \/>\n<script type=\"application\/ld+json\" class=\"yoast-schema-graph\">{\"@context\":\"https:\/\/schema.org\",\"@graph\":[{\"@type\":\"WebPage\",\"@id\":\"https:\/\/casaalbets.cat\/ca\/pet-friendly\/\",\"url\":\"https:\/\/casaalbets.cat\/ca\/pet-friendly\/\",\"name\":\"PET FRIENDLY - Casa Albets\",\"isPartOf\":{\"@id\":\"https:\/\/casaalbets.cat\/ca\/#website\"},\"datePublished\":\"2022-06-07T18:44:20+00:00\",\"dateModified\":\"2025-05-29T14:56:56+00:00\",\"breadcrumb\":{\"@id\":\"https:\/\/casaalbets.cat\/ca\/pet-friendly\/#breadcrumb\"},\"inLanguage\":\"ca\",\"potentialAction\":[{\"@type\":\"ReadAction\",\"target\":[\"https:\/\/casaalbets.cat\/ca\/pet-friendly\/\"]}]},{\"@type\":\"BreadcrumbList\",\"@id\":\"https:\/\/casaalbets.cat\/ca\/pet-friendly\/#breadcrumb\",\"itemListElement\":[{\"@type\":\"ListItem\",\"position\":1,\"name\":\"Portada\",\"item\":\"https:\/\/casaalbets.cat\/ca\/\"},{\"@type\":\"ListItem\",\"position\":2,\"name\":\"PET FRIENDLY\"}]},{\"@type\":\"WebSite\",\"@id\":\"https:\/\/casaalbets.cat\/ca\/#website\",\"url\":\"https:\/\/casaalbets.cat\/ca\/\",\"name\":\"Casa Albets\",\"description\":\"Hotel ecol\u00f3gico\",\"potentialAction\":[{\"@type\":\"SearchAction\",\"target\":{\"@type\":\"EntryPoint\",\"urlTemplate\":\"https:\/\/casaalbets.cat\/ca\/?s={search_term_string}\"},\"query-input\":\"required name=search_term_string\"}],\"inLanguage\":\"ca\"}]}<\/script>\n<!-- \/ Yoast SEO plugin. -->","yoast_head_json":{"title":"PET FRIENDLY - Casa Albets","robots":{"index":"index","follow":"follow","max-snippet":"max-snippet:-1","max-image-preview":"max-image-preview:large","max-video-preview":"max-video-preview:-1"},"canonical":"https:\/\/casaalbets.cat\/ca\/pet-friendly\/","og_locale":"ca_ES","og_type":"article","og_title":"PET FRIENDLY - Casa Albets","og_description":"[vc_row full_width=&#8221;stretch_row_content_no_spaces&#8221; el_class=&#8221;header-pages&#8221; css=&#8221;.vc_custom_1744104880120{margin-bottom: 50px !important;background-image: url(https:\/\/casaalbets.cat\/wp-content\/uploads\/2025\/04\/F53-Verde-cabecea-scaled.jpg?id=16491) !important;background-position: center !important;background-repeat: no-repeat !important;background-size: cover !important;}&#8221; wpex_bg_position=&#8221;bottom center&#8221;][vc_column el_class=&#8221;column-bg&#8221; css=&#8221;.vc_custom_1525846768800{padding-top: 180px !important;padding-bottom: 180px !important;}&#8221;][vc_column_text css=&#8221;&#8221; el_class=&#8221;cabecera1&#8243;] Hotel 4 estrelles pet friendly a menys de dues hores de Barcelona [\/vc_column_text][vc_column_text css=&#8221;&#8221; el_class=&#8221;cabecera2&#8243;] Comparteix&hellip;","og_url":"https:\/\/casaalbets.cat\/ca\/pet-friendly\/","og_site_name":"Casa Albets","article_modified_time":"2025-05-29T14:56:56+00:00","twitter_card":"summary_large_image","twitter_misc":{"Temps estimat de lectura":"6 minuts"},"schema":{"@context":"https:\/\/schema.org","@graph":[{"@type":"WebPage","@id":"https:\/\/casaalbets.cat\/ca\/pet-friendly\/","url":"https:\/\/casaalbets.cat\/ca\/pet-friendly\/","name":"PET FRIENDLY - Casa Albets","isPartOf":{"@id":"https:\/\/casaalbets.cat\/ca\/#website"},"datePublished":"2022-06-07T18:44:20+00:00","dateModified":"2025-05-29T14:56:56+00:00","breadcrumb":{"@id":"https:\/\/casaalbets.cat\/ca\/pet-friendly\/#breadcrumb"},"inLanguage":"ca","potentialAction":[{"@type":"ReadAction","target":["https:\/\/casaalbets.cat\/ca\/pet-friendly\/"]}]},{"@type":"BreadcrumbList","@id":"https:\/\/casaalbets.cat\/ca\/pet-friendly\/#breadcrumb","itemListElement":[{"@type":"ListItem","position":1,"name":"Portada","item":"https:\/\/casaalbets.cat\/ca\/"},{"@type":"ListItem","position":2,"name":"PET FRIENDLY"}]},{"@type":"WebSite","@id":"https:\/\/casaalbets.cat\/ca\/#website","url":"https:\/\/casaalbets.cat\/ca\/","name":"Casa Albets","description":"Hotel ecol\u00f3gico","potentialAction":[{"@type":"SearchAction","target":{"@type":"EntryPoint","urlTemplate":"https:\/\/casaalbets.cat\/ca\/?s={search_term_string}"},"query-input":"required name=search_term_string"}],"inLanguage":"ca"}]}},"_links":{"self":[{"href":"https:\/\/casaalbets.cat\/ca\/wp-json\/wp\/v2\/pages\/13467"}],"collection":[{"href":"https:\/\/casaalbets.cat\/ca\/wp-json\/wp\/v2\/pages"}],"about":[{"href":"https:\/\/casaalbets.cat\/ca\/wp-json\/wp\/v2\/types\/page"}],"author":[{"embeddable":true,"href":"https:\/\/casaalbets.cat\/ca\/wp-json\/wp\/v2\/users\/8"}],"replies":[{"embeddable":true,"href":"https:\/\/casaalbets.cat\/ca\/wp-json\/wp\/v2\/comments?post=13467"}],"version-history":[{"count":0,"href":"https:\/\/casaalbets.cat\/ca\/wp-json\/wp\/v2\/pages\/13467\/revisions"}],"wp:attachment":[{"href":"https:\/\/casaalbets.cat\/ca\/wp-json\/wp\/v2\/media?parent=13467"}],"curies":[{"name":"wp","href":"https:\/\/api.w.org\/{rel}","templated":true}]}}