{"id":16828,"date":"2025-04-13T15:26:38","date_gmt":"2025-04-13T15:26:38","guid":{"rendered":"https:\/\/casaalbets.cat\/?page_id=16828"},"modified":"2025-05-31T10:28:05","modified_gmt":"2025-05-31T10:28:05","slug":"regala-casa-albets-solo-cena","status":"publish","type":"page","link":"https:\/\/casaalbets.cat\/ca\/regala-casa-albets-solo-cena\/","title":{"rendered":"Regala Casa Albets (solo cena)"},"content":{"rendered":"<div class=\"wpb-content-wrapper\">[vc_row full_width=&#8221;stretch_row&#8221; disable_element=&#8221;yes&#8221; css=&#8221;.vc_custom_1631866514030{background-color: #ececec !important;}&#8221;][vc_column][vc_column_text]\n<h3 style=\"text-align: center;\">Tanquem per vacances del 6 al 16 de setembre (ambd\u00f3s inclosos).<\/h3>\n[\/vc_column_text]<div class=\"vcex-spacing\" style=\"height:30px\"><\/div>[vc_column_text]\n<p style=\"text-align: center;\">Podeu fer les reserves aqu\u00ed<\/p>\n[\/vc_column_text]<div class=\"vcex-spacing\" style=\"height:15px\"><\/div>[vc_btn title=&#8221;RESERVA&#8221; shape=&#8221;square&#8221; color=&#8221;green&#8221; align=&#8221;center&#8221; link=&#8221;url:https%3A%2F%2Fcasaalbets.cat%2Freserves%2F|||&#8221;][\/vc_column][\/vc_row][vc_row][vc_column]<div class=\"vcex-spacing\" style=\"height:60px\"><\/div>[vc_column_text]\n<h2 style=\"text-align: center;\">Regala Casa Albets<\/h2>\n[\/vc_column_text]<div class=\"vcex-spacing\" style=\"height:60px\"><\/div>[\/vc_column][\/vc_row][vc_row][vc_column width=&#8221;1\/2&#8243;]<div class=\"vcex-spacing\" style=\"height:50px\"><\/div>[vc_single_image image=&#8221;16921&#8243; alignment=&#8221;center&#8221; css=&#8221;&#8221;]<div class=\"vcex-spacing\" style=\"height:30px\"><\/div>[vc_column_text font_size=&#8221;13px&#8221;]\n<p style=\"text-align: center;\">\u00a025283 Lladurs, Lleida<br \/>\nCatalunya<\/p>\n<p style=\"text-align: center;\" data-pm-slice=\"1 1 []\"><a href=\"tel:34 651 36 46 56\">+34 651 36 46 56<\/a><\/p>\n<p style=\"text-align: center;\"><a href=\"mailto:info@casaalbets.cat\">info@casaalbets.cat<\/a><\/p>\n<p style=\"text-align: center;\"><span style=\"font-weight: 400;\">**Si truqueu i no us contestem de forma inmediata, podeu enviar-nos un whatsapp i ens posarem en contacte amb vosaltres el m\u00e9s aviat possible.<\/span><\/p>\n<p style=\"text-align: center;\">\u00a0<a href=\"https:\/\/www.google.es\/maps\/dir\/41.9964127,1.5174159\/Acc%C3%A9s+a+Casa+Albets,+Lladurs\/Hotel+Casa+Albets,+Lladurs\/@41.9970442,1.5142276,15z\/data=!4m15!4m14!1m0!1m5!1m1!1s0x12a5c8e6c9b90d15:0xa524688d8daaa2c9!2m2!1d1.4663412!2d42.0346215!1m5!1m1!1s0x12a5c921cbf14327:0x4aae7f9ceb2f4dbd!2m2!1d1.4663379!2d42.0346183!3e0\" target=\"_blank\" rel=\"noopener\">Com arribar?<\/a><\/p>\n<p style=\"text-align: center;\">\u00a0 <a href=\"https:\/\/casaalbets.cat\/wp-content\/uploads\/2018\/05\/Com-arribar.jpg\">No t&#8217;oblidis! Descarrega&#8217;t el mapa per si et quedes sense cobertura<\/a><\/p>\n<p style=\"text-align: center;\">Es pot arribar amb autob\u00fas fins a Solsona i en taxi des de l&#8217;estaci\u00f3 d&#8217;autobusos fins a l&#8217;hotel. Veure els horaris en <a href=\"https:\/\/www.alsa.es\/\" target=\"_blank\" rel=\"noopener\">Alsa<\/a>.<\/p>\n[\/vc_column_text]<div class=\"vcex-spacing\" style=\"height:30px\"><\/div>[\/vc_column][vc_column width=&#8221;1\/2&#8243; css=&#8221;.vc_custom_1526023781992{background-color: #f4f4f4 !important;}&#8221;]<script type=\"text\/javascript\">var gform;gform||(document.addEventListener(\"gform_main_scripts_loaded\",function(){gform.scriptsLoaded=!0}),window.addEventListener(\"DOMContentLoaded\",function(){gform.domLoaded=!0}),gform={domLoaded:!1,scriptsLoaded:!1,initializeOnLoaded:function(o){gform.domLoaded&&gform.scriptsLoaded?o():!gform.domLoaded&&gform.scriptsLoaded?window.addEventListener(\"DOMContentLoaded\",o):document.addEventListener(\"gform_main_scripts_loaded\",o)},hooks:{action:{},filter:{}},addAction:function(o,n,r,t){gform.addHook(\"action\",o,n,r,t)},addFilter:function(o,n,r,t){gform.addHook(\"filter\",o,n,r,t)},doAction:function(o){gform.doHook(\"action\",o,arguments)},applyFilters:function(o){return gform.doHook(\"filter\",o,arguments)},removeAction:function(o,n){gform.removeHook(\"action\",o,n)},removeFilter:function(o,n,r){gform.removeHook(\"filter\",o,n,r)},addHook:function(o,n,r,t,i){null==gform.hooks[o][n]&&(gform.hooks[o][n]=[]);var e=gform.hooks[o][n];null==i&&(i=n+\"_\"+e.length),gform.hooks[o][n].push({tag:i,callable:r,priority:t=null==t?10:t})},doHook:function(n,o,r){var t;if(r=Array.prototype.slice.call(r,1),null!=gform.hooks[n][o]&&((o=gform.hooks[n][o]).sort(function(o,n){return o.priority-n.priority}),o.forEach(function(o){\"function\"!=typeof(t=o.callable)&&(t=window[t]),\"action\"==n?t.apply(null,r):r[0]=t.apply(null,r)})),\"filter\"==n)return r[0]},removeHook:function(o,n,t,i){var r;null!=gform.hooks[o][n]&&(r=(r=gform.hooks[o][n]).filter(function(o,n,r){return!!(null!=i&&i!=o.tag||null!=t&&t!=o.priority)}),gform.hooks[o][n]=r)}});<\/script>\n                <div class='gf_browser_gecko gform_wrapper gform_legacy_markup_wrapper' id='gform_wrapper_34' ><form method='post' enctype='multipart\/form-data'  id='gform_34'  action='\/ca\/wp-json\/wp\/v2\/pages\/16828' ><div class='gf_invisible ginput_recaptchav3' data-sitekey='6LfZzScpAAAAAKVDTUxPIqzCpug2HHpRPUn5Uxwr' data-tabindex='0'><input id=\"input_1a1c4e03146bee37cf6dabf9b5d9b7a9\" class=\"gfield_recaptcha_response\" type=\"hidden\" name=\"input_1a1c4e03146bee37cf6dabf9b5d9b7a9\" value=\"\"\/><\/div>\n                        <div class='gform_body gform-body'><ul id='gform_fields_34' class='gform_fields top_label form_sublabel_below description_below'><li id=\"field_34_6\"  class=\"gfield field_sublabel_below field_description_below gfield_visibility_hidden\"  data-js-reload=\"field_34_6\"><div class='admin-hidden-markup'><i class='gform-icon gform-icon--hidden'><\/i><span>Hidden<\/span><\/div><label class='gfield_label' for='input_34_6' >Regala<\/label><div class='ginput_container ginput_container_text'><input name='input_6' id='input_34_6' type='text' value='' class='medium'      aria-invalid=\"false\"   \/> <\/div><\/li><li id=\"field_34_1\"  class=\"gfield regala-form gfield_contains_required field_sublabel_below field_description_below gfield_visibility_visible\"  data-js-reload=\"field_34_1\"><label class='gfield_label' for='input_34_1' >Nom i cognoms de la persona a qui va dirigit el regal:<span class=\"gfield_required\"><span class=\"gfield_required gfield_required_asterisk\">*<\/span><\/span><\/label><div class='ginput_container ginput_container_text'><input name='input_1' id='input_34_1' type='text' value='' class='large'     aria-required=\"true\" aria-invalid=\"false\"   \/> <\/div><\/li><li id=\"field_34_9\"  class=\"gfield gfield--width-full gfield_contains_required field_sublabel_below field_description_below gfield_visibility_visible\"  data-js-reload=\"field_34_9\"><label class='gfield_label' for='input_34_9' >Per a quantes persones ser\u00e0 el sopar?:<span class=\"gfield_required\"><span class=\"gfield_required gfield_required_asterisk\">*<\/span><\/span><\/label><div class='ginput_container ginput_container_text'><input name='input_9' id='input_34_9' type='text' value='' class='large'     aria-required=\"true\" aria-invalid=\"false\"   \/> <\/div><\/li><li id=\"field_34_12\"  class=\"gfield gfield--width-full field_sublabel_below field_description_below gfield_visibility_visible\"  data-js-reload=\"field_34_12\"><label class='gfield_label' for='input_34_12' >Comentaris:<\/label><div class='ginput_container ginput_container_textarea'><textarea name='input_12' id='input_34_12' class='textarea large'      aria-invalid=\"false\"   rows='10' cols='50'><\/textarea><\/div><\/li><li id=\"field_34_2\"  class=\"gfield gfield_contains_required field_sublabel_below field_description_below gfield_visibility_visible\"  data-js-reload=\"field_34_2\"><label class='gfield_label' for='input_34_2' >El meu Tel\u00e8fon<span class=\"gfield_required\"><span class=\"gfield_required gfield_required_asterisk\">*<\/span><\/span><\/label><div class='ginput_container ginput_container_text'><input name='input_2' id='input_34_2' type='text' value='' class='medium'     aria-required=\"true\" aria-invalid=\"false\"   \/> <\/div><\/li><li id=\"field_34_3\"  class=\"gfield gfield_contains_required field_sublabel_below field_description_below gfield_visibility_visible\"  data-js-reload=\"field_34_3\"><label class='gfield_label' for='input_34_3' >El meu Email<span class=\"gfield_required\"><span class=\"gfield_required gfield_required_asterisk\">*<\/span><\/span><\/label><div class='ginput_container ginput_container_email'>\n                            <input name='input_3' id='input_34_3' type='text' value='' class='large'    aria-required=\"true\" aria-invalid=\"false\"  \/>\n                        <\/div><\/li><li id=\"field_34_13\"  class=\"gfield gfield--width-full gfield_html gfield_html_formatted gfield_no_follows_desc field_sublabel_below field_description_below gfield_visibility_visible\"  data-js-reload=\"field_34_13\">El val regal ser\u00e0 enviat a l'email facilitat en un pla\u00e7 de 24-48h. El pagament del regal es far\u00e0 per transfer\u00e8ncia banc\u00e0ria.<\/li><li id=\"field_34_5\"  class=\"gfield gfield_contains_required field_sublabel_below field_description_below gfield_visibility_visible\"  data-js-reload=\"field_34_5\"><label class='gfield_label screen-reader-text gfield_label_before_complex'  ><span class=\"gfield_required\"><span class=\"gfield_required gfield_required_asterisk\">*<\/span><\/span><\/label><div class='ginput_container ginput_container_checkbox'><ul class='gfield_checkbox' id='input_34_5'><li class='gchoice gchoice_34_5_1'>\n\t\t\t\t\t\t\t\t<input class='gfield-choice-input' name='input_5.1' type='checkbox'  value='Accepto &lt;a href=&quot;https:\/\/casaalbets.cat\/avis-legal\/&quot; target=&quot;_blank&quot;&gt;Termes i condicions&lt;\/a&gt;'  id='choice_34_5_1'   \/>\n\t\t\t\t\t\t\t\t<label for='choice_34_5_1' id='label_34_5_1'>Accepto <a href=\"https:\/\/casaalbets.cat\/avis-legal\/\" target=\"_blank\">Termes i condicions<\/a><\/label>\n\t\t\t\t\t\t\t<\/li><\/ul><\/div><\/li><\/ul><\/div>\n        <div class='gform_footer top_label'> <input type='submit' id='gform_submit_button_34' class='gform_button button' value='Enviar'  onclick='if(window[\"gf_submitting_34\"]){return false;}  window[\"gf_submitting_34\"]=true;  ' onkeypress='if( event.keyCode == 13 ){ if(window[\"gf_submitting_34\"]){return false;} window[\"gf_submitting_34\"]=true;  jQuery(\"#gform_34\").trigger(\"submit\",[true]); }' \/> \n            <input type='hidden' class='gform_hidden' name='is_submit_34' value='1' \/>\n            <input type='hidden' class='gform_hidden' name='gform_submit' value='34' \/>\n            \n            <input type='hidden' class='gform_hidden' name='gform_unique_id' value='' \/>\n            <input type='hidden' class='gform_hidden' name='state_34' value='WyJbXSIsIjEzOTMzMTg1NDdmYzc4M2U2N2U0MjZjOWQzZjI4M2I4Il0=' \/>\n            <input type='hidden' class='gform_hidden' name='gform_target_page_number_34' id='gform_target_page_number_34' value='0' \/>\n            <input type='hidden' class='gform_hidden' name='gform_source_page_number_34' id='gform_source_page_number_34' value='1' \/>\n            <input type='hidden' name='gform_field_values' value='' \/>\n            \n        <\/div>\n                        <\/form>\n                        <\/div>[\/vc_column][\/vc_row][vc_row][vc_column]<div class=\"vcex-spacing\" style=\"height:30px\"><\/div>[\/vc_column][\/vc_row][vc_row][vc_column][\/vc_column][\/vc_row]\n<\/div>","protected":false},"excerpt":{"rendered":"Regala Casa Albets \u00a025283 Lladurs, Lleida Catalunya +34 651 36 46 56 info@casaalbets.cat **Si truqueu i no us contestem de forma inmediata, podeu enviar-nos un whatsapp i ens posarem en contacte amb vosaltres el m\u00e9s aviat possible. \u00a0Com arribar? \u00a0&hellip;","protected":false},"author":14,"featured_media":0,"parent":0,"menu_order":0,"comment_status":"closed","ping_status":"closed","template":"","meta":{"_joinchat":[],"footnotes":""},"yoast_head":"<!-- This site is optimized with the Yoast SEO plugin v23.0 - https:\/\/yoast.com\/wordpress\/plugins\/seo\/ -->\n<title>Regala Casa Albets (solo cena) - Casa Albets<\/title>\n<meta name=\"robots\" content=\"index, follow, max-snippet:-1, max-image-preview:large, max-video-preview:-1\" \/>\n<link rel=\"canonical\" href=\"https:\/\/casaalbets.cat\/ca\/regala-casa-albets-solo-cena\/\" \/>\n<meta property=\"og:locale\" content=\"ca_ES\" \/>\n<meta property=\"og:type\" content=\"article\" \/>\n<meta property=\"og:title\" content=\"Regala Casa Albets (solo cena) - Casa Albets\" \/>\n<meta property=\"og:url\" content=\"https:\/\/casaalbets.cat\/ca\/regala-casa-albets-solo-cena\/\" \/>\n<meta property=\"og:site_name\" content=\"Casa Albets\" \/>\n<meta property=\"article:modified_time\" content=\"2025-05-31T10:28:05+00:00\" \/>\n<meta name=\"twitter:card\" content=\"summary_large_image\" \/>\n<meta name=\"twitter:label1\" content=\"Temps estimat de lectura\" \/>\n\t<meta name=\"twitter:data1\" content=\"1 minut\" \/>\n<script type=\"application\/ld+json\" class=\"yoast-schema-graph\">{\"@context\":\"https:\/\/schema.org\",\"@graph\":[{\"@type\":\"WebPage\",\"@id\":\"https:\/\/casaalbets.cat\/ca\/regala-casa-albets-solo-cena\/\",\"url\":\"https:\/\/casaalbets.cat\/ca\/regala-casa-albets-solo-cena\/\",\"name\":\"Regala Casa Albets (solo cena) - Casa Albets\",\"isPartOf\":{\"@id\":\"https:\/\/casaalbets.cat\/ca\/#website\"},\"datePublished\":\"2025-04-13T15:26:38+00:00\",\"dateModified\":\"2025-05-31T10:28:05+00:00\",\"breadcrumb\":{\"@id\":\"https:\/\/casaalbets.cat\/ca\/regala-casa-albets-solo-cena\/#breadcrumb\"},\"inLanguage\":\"ca\",\"potentialAction\":[{\"@type\":\"ReadAction\",\"target\":[\"https:\/\/casaalbets.cat\/ca\/regala-casa-albets-solo-cena\/\"]}]},{\"@type\":\"BreadcrumbList\",\"@id\":\"https:\/\/casaalbets.cat\/ca\/regala-casa-albets-solo-cena\/#breadcrumb\",\"itemListElement\":[{\"@type\":\"ListItem\",\"position\":1,\"name\":\"Portada\",\"item\":\"https:\/\/casaalbets.cat\/ca\/\"},{\"@type\":\"ListItem\",\"position\":2,\"name\":\"Regala Casa Albets (solo cena)\"}]},{\"@type\":\"WebSite\",\"@id\":\"https:\/\/casaalbets.cat\/ca\/#website\",\"url\":\"https:\/\/casaalbets.cat\/ca\/\",\"name\":\"Casa Albets\",\"description\":\"Hotel ecol\u00f3gico\",\"potentialAction\":[{\"@type\":\"SearchAction\",\"target\":{\"@type\":\"EntryPoint\",\"urlTemplate\":\"https:\/\/casaalbets.cat\/ca\/?s={search_term_string}\"},\"query-input\":\"required name=search_term_string\"}],\"inLanguage\":\"ca\"}]}<\/script>\n<!-- \/ Yoast SEO plugin. -->","yoast_head_json":{"title":"Regala Casa Albets (solo cena) - Casa Albets","robots":{"index":"index","follow":"follow","max-snippet":"max-snippet:-1","max-image-preview":"max-image-preview:large","max-video-preview":"max-video-preview:-1"},"canonical":"https:\/\/casaalbets.cat\/ca\/regala-casa-albets-solo-cena\/","og_locale":"ca_ES","og_type":"article","og_title":"Regala Casa Albets (solo cena) - Casa Albets","og_url":"https:\/\/casaalbets.cat\/ca\/regala-casa-albets-solo-cena\/","og_site_name":"Casa Albets","article_modified_time":"2025-05-31T10:28:05+00:00","twitter_card":"summary_large_image","twitter_misc":{"Temps estimat de lectura":"1 minut"},"schema":{"@context":"https:\/\/schema.org","@graph":[{"@type":"WebPage","@id":"https:\/\/casaalbets.cat\/ca\/regala-casa-albets-solo-cena\/","url":"https:\/\/casaalbets.cat\/ca\/regala-casa-albets-solo-cena\/","name":"Regala Casa Albets (solo cena) - Casa Albets","isPartOf":{"@id":"https:\/\/casaalbets.cat\/ca\/#website"},"datePublished":"2025-04-13T15:26:38+00:00","dateModified":"2025-05-31T10:28:05+00:00","breadcrumb":{"@id":"https:\/\/casaalbets.cat\/ca\/regala-casa-albets-solo-cena\/#breadcrumb"},"inLanguage":"ca","potentialAction":[{"@type":"ReadAction","target":["https:\/\/casaalbets.cat\/ca\/regala-casa-albets-solo-cena\/"]}]},{"@type":"BreadcrumbList","@id":"https:\/\/casaalbets.cat\/ca\/regala-casa-albets-solo-cena\/#breadcrumb","itemListElement":[{"@type":"ListItem","position":1,"name":"Portada","item":"https:\/\/casaalbets.cat\/ca\/"},{"@type":"ListItem","position":2,"name":"Regala Casa Albets (solo cena)"}]},{"@type":"WebSite","@id":"https:\/\/casaalbets.cat\/ca\/#website","url":"https:\/\/casaalbets.cat\/ca\/","name":"Casa Albets","description":"Hotel ecol\u00f3gico","potentialAction":[{"@type":"SearchAction","target":{"@type":"EntryPoint","urlTemplate":"https:\/\/casaalbets.cat\/ca\/?s={search_term_string}"},"query-input":"required name=search_term_string"}],"inLanguage":"ca"}]}},"_links":{"self":[{"href":"https:\/\/casaalbets.cat\/ca\/wp-json\/wp\/v2\/pages\/16828"}],"collection":[{"href":"https:\/\/casaalbets.cat\/ca\/wp-json\/wp\/v2\/pages"}],"about":[{"href":"https:\/\/casaalbets.cat\/ca\/wp-json\/wp\/v2\/types\/page"}],"author":[{"embeddable":true,"href":"https:\/\/casaalbets.cat\/ca\/wp-json\/wp\/v2\/users\/14"}],"replies":[{"embeddable":true,"href":"https:\/\/casaalbets.cat\/ca\/wp-json\/wp\/v2\/comments?post=16828"}],"version-history":[{"count":0,"href":"https:\/\/casaalbets.cat\/ca\/wp-json\/wp\/v2\/pages\/16828\/revisions"}],"wp:attachment":[{"href":"https:\/\/casaalbets.cat\/ca\/wp-json\/wp\/v2\/media?parent=16828"}],"curies":[{"name":"wp","href":"https:\/\/api.w.org\/{rel}","templated":true}]}}