{"id":5692,"date":"2018-05-10T11:14:25","date_gmt":"2018-05-10T11:14:25","guid":{"rendered":"https:\/\/casaalbets.cat\/footer-2\/"},"modified":"2023-05-17T16:47:02","modified_gmt":"2023-05-17T16:47:02","slug":"footer","status":"publish","type":"page","link":"https:\/\/casaalbets.cat\/ca\/footer\/","title":{"rendered":"FOOTER"},"content":{"rendered":"<div class=\"wpb-content-wrapper\">[vc_section][vc_row][vc_column width=&#8221;1\/3&#8243;]<div class=\"vcex-spacing\" style=\"height:30px\"><\/div>[vc_column_text]<img loading=\"lazy\" decoding=\"async\" class=\"alignnone size-full wp-image-5349\" src=\"https:\/\/casaalbets.cat\/wp-content\/uploads\/2018\/05\/bot-cont-1.png\" alt=\"Logo Casa Albets Blanc\" width=\"99\" height=\"100\" \/>[\/vc_column_text]<div class=\"vcex-spacing\" style=\"height:30px\"><\/div>[\/vc_column][vc_column width=&#8221;1\/3&#8243;]<div class=\"vcex-spacing\" style=\"height:30px\"><\/div>[vc_single_image image=&#8221;14087&#8243; alignment=&#8221;center&#8221; onclick=&#8221;custom_link&#8221; img_link_target=&#8221;_blank&#8221; link=&#8221;https:\/\/guide.michelin.com\/es\/es\/catalunya\/lladurs\/restaurante\/casa-albets&#8221;]<div class=\"vcex-spacing\" style=\"height:30px\"><\/div>[\/vc_column][vc_column width=&#8221;1\/3&#8243;][\/vc_column][\/vc_row][vc_row][vc_column width=&#8221;1\/4&#8243;]<div style=\"color:#ffffff;\" class=\"vcex-module vcex-list_item\"><div class=\"vcex-icon-wrap\" style=\"color:#ffffff;\"><span class=\"fa fa-map-marker\"><\/span><\/div>Casa Albets s\/n<br \/>\n25283 &#8211; Lladurs, Lleida &#8211; Catalunya<\/div><div style=\"color:#ffffff;\" class=\"vcex-module vcex-list_item\"><div class=\"vcex-icon-wrap\" style=\"color:#ffffff;\"><span class=\"fa fa-phone\"><\/span><\/div><a href=\"tel:(+34) 651 36 46 56\">(+34) 651 36 46 56<\/a><\/div><div style=\"color:#ffffff;\" class=\"vcex-module vcex-list_item\"><div class=\"vcex-icon-wrap\" style=\"color:#ffffff;\"><span class=\"fa fa-envelope-o\"><\/span><\/div><a href=\"mail:info@casaalbets.cat\">info@casaalbets.cat<\/a><\/div>[vc_empty_space height=&#8221;10px&#8221;]<div style=\"color:#ffffff;\" class=\"vcex-module vcex-list_item\"><a href=\"https:\/\/www.google.es\/maps\/dir\/41.9964127,1.5174159\/Acc%C3%A9s+a+Casa+Albets,+Lladurs\/Hotel+Casa+Albets,+Lladurs\/@41.9970442,1.5142276,15z\/data=!4m15!4m14!1m0!1m5!1m1!1s0x12a5c8e6c9b90d15:0xa524688d8daaa2c9!2m2!1d1.4663412!2d42.0346215!1m5!1m1!1s0x12a5c921cbf14327:0x4aae7f9ceb2f4dbd!2m2!1d1.4663379!2d42.0346183!3e0\" target=\"_blank\" style=\"color:#ffffff;\"><div class=\"vcex-icon-wrap\" style=\"color:#ffffff;\"><span class=\"fa fa-car\"><\/span><\/div>Com arribar-hi?<\/a><\/div>[vc_empty_space height=&#8221;24px&#8221;]<div class=\"vcex-module wpex-social-btns vcex-social-btns\" style=\"color:#ffffff;font-size:20px;\"><a href=\"https:\/\/es-es.facebook.com\/casaalbets\/\" class=\"wpex-social-btn wpex-social-btn-no-style  wpex-data-hover wpex-facebook\" target=\"_blank\" data-hover-color=\"#ffffff\"><span class=\"fa fa-facebook\"><\/span><\/a><a href=\"https:\/\/twitter.com\/casaalbets\" class=\"wpex-social-btn wpex-social-btn-no-style  wpex-data-hover wpex-twitter\" target=\"_blank\" data-hover-color=\"#ffffff\"><span class=\"fa fa-twitter\"><\/span><\/a><a href=\"https:\/\/www.instagram.com\/hotelcasaalbets\/\" class=\"wpex-social-btn wpex-social-btn-no-style  wpex-data-hover wpex-instagram\" target=\"_blank\" data-hover-color=\"#ffffff\"><span class=\"fa fa-instagram\"><\/span><\/a><\/div><div class=\"vcex-spacing\" style=\"height:30px\"><\/div>[vc_raw_html]JTNDZGl2JTIwY2xhc3MlM0QlMjJkdl93aWRnZXQlMjIlM0UlM0MlMkZkaXYlM0U=[\/vc_raw_html][\/vc_column][vc_column width=&#8221;1\/4&#8243;][vc_wp_custommenu nav_menu=&#8221;75&#8243;]<div class=\"vcex-spacing\" style=\"height:30px\"><\/div>[\/vc_column][vc_column width=&#8221;1\/4&#8243;][vc_wp_custommenu nav_menu=&#8221;79&#8243;]<div class=\"vcex-spacing\" style=\"height:30px\"><\/div>[\/vc_column][vc_column width=&#8221;1\/4&#8243;]<div class=\"vcex-spacing\" style=\"height:30px\"><\/div>[\/vc_column][\/vc_row][vc_row content_placement=&#8221;middle&#8221; el_class=&#8221;logos-footer&#8221;][vc_column]<div class=\"vcex-spacing\" style=\"height:30px\"><\/div><div class=\"vcex-module wpex-carousel wpex-carousel-images clr owl-carousel arrwstyle-min arrwpos-abs\" data-items=\"4\" data-slideby=\"1\" data-nav=\"true\" data-dots=\"false\" data-autoplay=\"false\" data-loop=\"false\" data-autoplay-timeout=\"5000\" data-center=\"false\" data-margin=\"15\" data-items-tablet=\"3\" data-items-mobile-landscape=\"2\" data-items-mobile-portrait=\"1\" data-smart-speed=\"150\" data-auto-height=\"false\" data-auto-width=\"false\"><div class=\"wpex-carousel-slide\"><figure class=\"wpex-carousel-entry-media clr\"><a href=\"https:\/\/www.petitsgranshotelsdecatalunya.com\/\" title=\"\" class=\"wpex-carousel-entry-img\" target=\"_blank\"><img loading=\"lazy\" decoding=\"async\" width=\"212\" height=\"140\" src=\"https:\/\/casaalbets.cat\/wp-content\/uploads\/2018\/05\/bw.png\" class=\"attachment-full size-full\" alt=\"bw\" \/><\/a><\/figure><\/div><div class=\"wpex-carousel-slide\"><figure class=\"wpex-carousel-entry-media clr\"><img loading=\"lazy\" decoding=\"async\" width=\"777\" height=\"480\" src=\"https:\/\/casaalbets.cat\/wp-content\/uploads\/2018\/06\/bandera_gay.png\" class=\"attachment-full size-full\" alt=\"bandera_gay\" srcset=\"https:\/\/casaalbets.cat\/wp-content\/uploads\/2018\/06\/bandera_gay.png 777w, https:\/\/casaalbets.cat\/wp-content\/uploads\/2018\/06\/bandera_gay-300x185.png 300w, https:\/\/casaalbets.cat\/wp-content\/uploads\/2018\/06\/bandera_gay-768x474.png 768w, https:\/\/casaalbets.cat\/wp-content\/uploads\/2018\/06\/bandera_gay-600x371.png 600w, https:\/\/casaalbets.cat\/wp-content\/uploads\/2018\/06\/bandera_gay-100x62.png 100w\" sizes=\"(max-width: 777px) 100vw, 777px\" \/><\/figure><\/div><\/div><div class=\"vcex-spacing\" style=\"height:30px\"><\/div>[\/vc_column][\/vc_row][vc_row el_id=&#8221;fila-leader&#8221;][vc_column][vc_column_text]Ajut per \u201cCreaci\u00f3 d\u2019Hotel 4* a la Masia Albets de Lladurs\u201d<br \/>\nL&#8217;objectiu de la inversi\u00f3 \u00e9s la rehabilitaci\u00f3 d&#8217;una masia datada del S XI en un hotel de 4* amb criteris ecol\u00f2gics. El resultat \u00e9s un preci\u00f3s hotel ecol\u00f2gic i veg\u00e0 que aprofita els valors propis del patrimoni i el paisatge per a oferir una inigualable experi\u00e8ncia.<\/p>\n<p>Operaci\u00f3: <strong>Implementaci\u00f3 d\u2019estrat\u00e8gies de desenvolupament local<br \/>\n<\/strong><br \/>\n<img decoding=\"async\" class=\"alignnone size-medium wp-image-11851\" src=\"https:\/\/casaalbets.cat\/wp-content\/uploads\/2019\/09\/logo-leader-color-dig.png\" alt=\"\" width=\"220\" srcset=\"https:\/\/casaalbets.cat\/wp-content\/uploads\/2019\/09\/logo-leader-color-dig.png 383w, https:\/\/casaalbets.cat\/wp-content\/uploads\/2019\/09\/logo-leader-color-dig-300x157.png 300w, https:\/\/casaalbets.cat\/wp-content\/uploads\/2019\/09\/logo-leader-color-dig-100x52.png 100w\" sizes=\"(max-width: 383px) 100vw, 383px\" \/><\/p>\n<p>Actuaci\u00f3 del Programa de Desenvolupament Rural de Catalunya 2014-2020, cofinan\u00e7ada per:<\/p>\n<p><img decoding=\"async\" class=\"alignnone size-medium wp-image-11852\" src=\"https:\/\/casaalbets.cat\/wp-content\/uploads\/2019\/09\/logos-eu-gen.png\" alt=\"\" width=\"400\" srcset=\"https:\/\/casaalbets.cat\/wp-content\/uploads\/2019\/09\/logos-eu-gen.png 455w, https:\/\/casaalbets.cat\/wp-content\/uploads\/2019\/09\/logos-eu-gen-300x51.png 300w, https:\/\/casaalbets.cat\/wp-content\/uploads\/2019\/09\/logos-eu-gen-100x17.png 100w\" sizes=\"(max-width: 455px) 100vw, 455px\" \/>[\/vc_column_text][\/vc_column][\/vc_row][\/vc_section][vc_row][vc_column][vc_separator][vc_empty_space height=&#8221;24px&#8221;][vc_column_text]\n<p style=\"text-align: center;\"><span style=\"font-size: 14px;\">\u00a9 2017 Casa Albets | Tots els drets reservats. |\u00a0<a href=\"\/?page_id=5766\">Av\u00eds Legal<\/a>\u00a0|<\/span><\/p>\n[\/vc_column_text][vc_empty_space height=&#8221;24px&#8221;][\/vc_column][\/vc_row][vc_row el_class=&#8221;btn-flotante&#8221;][vc_column][vc_column_text]<a href=\"\/ca\/les-nostres-ofertes\">RESERVA ARA<\/a>[\/vc_column_text][\/vc_column][\/vc_row][vc_row el_class=&#8221;btn-flotante-mvl&#8221;][vc_column][vc_column_text]<a href=\"\/ca\/les-nostres-ofertes\">RESERVA ARA<\/a>[\/vc_column_text][\/vc_column][\/vc_row]\n<\/div>","protected":false},"excerpt":{"rendered":"<p>[vc_section][vc_row][vc_column width=&#8221;1\/3&#8243;][vc_column_text][\/vc_column_text][\/vc_column][vc_column width=&#8221;1\/3&#8243;][vc_single_image image=&#8221;14087&#8243; alignment=&#8221;center&#8221; onclick=&#8221;custom_link&#8221; img_link_target=&#8221;_blank&#8221; link=&#8221;https:\/\/guide.michelin.com\/es\/es\/catalunya\/lladurs\/restaurante\/casa-albets&#8221;][\/vc_column][vc_column width=&#8221;1\/3&#8243;][\/vc_column][\/vc_row][vc_row][vc_column width=&#8221;1\/4&#8243;][vc_empty_space height=&#8221;10px&#8221;][vc_empty_space height=&#8221;24px&#8221;][vc_raw_html]JTNDZGl2JTIwY2xhc3MlM0QlMjJkdl93aWRnZXQlMjIlM0UlM0MlMkZkaXYlM0U=[\/vc_raw_html][\/vc_column][vc_column width=&#8221;1\/4&#8243;][vc_wp_custommenu nav_menu=&#8221;75&#8243;][\/vc_column][vc_column width=&#8221;1\/4&#8243;][vc_wp_custommenu nav_menu=&#8221;79&#8243;][\/vc_column][vc_column width=&#8221;1\/4&#8243;][\/vc_column][\/vc_row][vc_row content_placement=&#8221;middle&#8221; el_class=&#8221;logos-footer&#8221;][vc_column][\/vc_column][\/vc_row][vc_row el_id=&#8221;fila-leader&#8221;][vc_column][vc_column_text]Ajut per \u201cCreaci\u00f3 d\u2019Hotel 4* a la Masia Albets de Lladurs\u201d L&#8217;objectiu de la inversi\u00f3 \u00e9s la rehabilitaci\u00f3 d&#8217;una masia datada&hellip;<\/p>\n","protected":false},"author":8,"featured_media":0,"parent":0,"menu_order":0,"comment_status":"closed","ping_status":"closed","template":"","meta":{"_joinchat":[],"footnotes":""},"yoast_head":"<!-- This site is optimized with the Yoast SEO plugin v23.0 - https:\/\/yoast.com\/wordpress\/plugins\/seo\/ -->\n<title>FOOTER - Casa Albets<\/title>\n<meta name=\"robots\" content=\"index, follow, max-snippet:-1, max-image-preview:large, max-video-preview:-1\" \/>\n<link rel=\"canonical\" href=\"https:\/\/casaalbets.cat\/ca\/footer\/\" \/>\n<meta property=\"og:locale\" content=\"ca_ES\" \/>\n<meta property=\"og:type\" content=\"article\" \/>\n<meta property=\"og:title\" content=\"FOOTER - Casa Albets\" \/>\n<meta property=\"og:description\" content=\"[vc_section][vc_row][vc_column width=&#8221;1\/3&#8243;][vc_column_text][\/vc_column_text][\/vc_column][vc_column width=&#8221;1\/3&#8243;][vc_single_image image=&#8221;14087&#8243; alignment=&#8221;center&#8221; onclick=&#8221;custom_link&#8221; img_link_target=&#8221;_blank&#8221; link=&#8221;https:\/\/guide.michelin.com\/es\/es\/catalunya\/lladurs\/restaurante\/casa-albets&#8221;][\/vc_column][vc_column width=&#8221;1\/3&#8243;][\/vc_column][\/vc_row][vc_row][vc_column width=&#8221;1\/4&#8243;][vc_empty_space height=&#8221;10px&#8221;][vc_empty_space height=&#8221;24px&#8221;][vc_raw_html]JTNDZGl2JTIwY2xhc3MlM0QlMjJkdl93aWRnZXQlMjIlM0UlM0MlMkZkaXYlM0U=[\/vc_raw_html][\/vc_column][vc_column width=&#8221;1\/4&#8243;][vc_wp_custommenu nav_menu=&#8221;75&#8243;][\/vc_column][vc_column width=&#8221;1\/4&#8243;][vc_wp_custommenu nav_menu=&#8221;79&#8243;][\/vc_column][vc_column width=&#8221;1\/4&#8243;][\/vc_column][\/vc_row][vc_row content_placement=&#8221;middle&#8221; el_class=&#8221;logos-footer&#8221;][vc_column][\/vc_column][\/vc_row][vc_row el_id=&#8221;fila-leader&#8221;][vc_column][vc_column_text]Ajut per \u201cCreaci\u00f3 d\u2019Hotel 4* a la Masia Albets de Lladurs\u201d L&#8217;objectiu de la inversi\u00f3 \u00e9s la rehabilitaci\u00f3 d&#8217;una masia datada&hellip;\" \/>\n<meta property=\"og:url\" content=\"https:\/\/casaalbets.cat\/ca\/footer\/\" \/>\n<meta property=\"og:site_name\" content=\"Casa Albets\" \/>\n<meta property=\"article:modified_time\" content=\"2023-05-17T16:47:02+00:00\" \/>\n<meta property=\"og:image\" content=\"https:\/\/casaalbets.cat\/wp-content\/uploads\/2018\/05\/bot-cont-1.png\" \/>\n<meta name=\"twitter:card\" content=\"summary_large_image\" \/>\n<meta name=\"twitter:label1\" content=\"Temps estimat de lectura\" \/>\n\t<meta name=\"twitter:data1\" content=\"2 minuts\" \/>\n<script type=\"application\/ld+json\" class=\"yoast-schema-graph\">{\"@context\":\"https:\/\/schema.org\",\"@graph\":[{\"@type\":\"WebPage\",\"@id\":\"https:\/\/casaalbets.cat\/ca\/footer\/\",\"url\":\"https:\/\/casaalbets.cat\/ca\/footer\/\",\"name\":\"FOOTER - Casa Albets\",\"isPartOf\":{\"@id\":\"https:\/\/casaalbets.cat\/ca\/#website\"},\"primaryImageOfPage\":{\"@id\":\"https:\/\/casaalbets.cat\/ca\/footer\/#primaryimage\"},\"image\":{\"@id\":\"https:\/\/casaalbets.cat\/ca\/footer\/#primaryimage\"},\"thumbnailUrl\":\"https:\/\/casaalbets.cat\/wp-content\/uploads\/2018\/05\/bot-cont-1.png\",\"datePublished\":\"2018-05-10T11:14:25+00:00\",\"dateModified\":\"2023-05-17T16:47:02+00:00\",\"breadcrumb\":{\"@id\":\"https:\/\/casaalbets.cat\/ca\/footer\/#breadcrumb\"},\"inLanguage\":\"ca\",\"potentialAction\":[{\"@type\":\"ReadAction\",\"target\":[\"https:\/\/casaalbets.cat\/ca\/footer\/\"]}]},{\"@type\":\"ImageObject\",\"inLanguage\":\"ca\",\"@id\":\"https:\/\/casaalbets.cat\/ca\/footer\/#primaryimage\",\"url\":\"https:\/\/casaalbets.cat\/wp-content\/uploads\/2018\/05\/bot-cont-1.png\",\"contentUrl\":\"https:\/\/casaalbets.cat\/wp-content\/uploads\/2018\/05\/bot-cont-1.png\"},{\"@type\":\"BreadcrumbList\",\"@id\":\"https:\/\/casaalbets.cat\/ca\/footer\/#breadcrumb\",\"itemListElement\":[{\"@type\":\"ListItem\",\"position\":1,\"name\":\"Portada\",\"item\":\"https:\/\/casaalbets.cat\/ca\/\"},{\"@type\":\"ListItem\",\"position\":2,\"name\":\"FOOTER\"}]},{\"@type\":\"WebSite\",\"@id\":\"https:\/\/casaalbets.cat\/ca\/#website\",\"url\":\"https:\/\/casaalbets.cat\/ca\/\",\"name\":\"Casa Albets\",\"description\":\"Hotel ecol\u00f3gico\",\"potentialAction\":[{\"@type\":\"SearchAction\",\"target\":{\"@type\":\"EntryPoint\",\"urlTemplate\":\"https:\/\/casaalbets.cat\/ca\/?s={search_term_string}\"},\"query-input\":\"required name=search_term_string\"}],\"inLanguage\":\"ca\"}]}<\/script>\n<!-- \/ Yoast SEO plugin. -->","yoast_head_json":{"title":"FOOTER - Casa Albets","robots":{"index":"index","follow":"follow","max-snippet":"max-snippet:-1","max-image-preview":"max-image-preview:large","max-video-preview":"max-video-preview:-1"},"canonical":"https:\/\/casaalbets.cat\/ca\/footer\/","og_locale":"ca_ES","og_type":"article","og_title":"FOOTER - Casa Albets","og_description":"[vc_section][vc_row][vc_column width=&#8221;1\/3&#8243;][vc_column_text][\/vc_column_text][\/vc_column][vc_column width=&#8221;1\/3&#8243;][vc_single_image image=&#8221;14087&#8243; alignment=&#8221;center&#8221; onclick=&#8221;custom_link&#8221; img_link_target=&#8221;_blank&#8221; link=&#8221;https:\/\/guide.michelin.com\/es\/es\/catalunya\/lladurs\/restaurante\/casa-albets&#8221;][\/vc_column][vc_column width=&#8221;1\/3&#8243;][\/vc_column][\/vc_row][vc_row][vc_column width=&#8221;1\/4&#8243;][vc_empty_space height=&#8221;10px&#8221;][vc_empty_space height=&#8221;24px&#8221;][vc_raw_html]JTNDZGl2JTIwY2xhc3MlM0QlMjJkdl93aWRnZXQlMjIlM0UlM0MlMkZkaXYlM0U=[\/vc_raw_html][\/vc_column][vc_column width=&#8221;1\/4&#8243;][vc_wp_custommenu nav_menu=&#8221;75&#8243;][\/vc_column][vc_column width=&#8221;1\/4&#8243;][vc_wp_custommenu nav_menu=&#8221;79&#8243;][\/vc_column][vc_column width=&#8221;1\/4&#8243;][\/vc_column][\/vc_row][vc_row content_placement=&#8221;middle&#8221; el_class=&#8221;logos-footer&#8221;][vc_column][\/vc_column][\/vc_row][vc_row el_id=&#8221;fila-leader&#8221;][vc_column][vc_column_text]Ajut per \u201cCreaci\u00f3 d\u2019Hotel 4* a la Masia Albets de Lladurs\u201d L&#8217;objectiu de la inversi\u00f3 \u00e9s la rehabilitaci\u00f3 d&#8217;una masia datada&hellip;","og_url":"https:\/\/casaalbets.cat\/ca\/footer\/","og_site_name":"Casa Albets","article_modified_time":"2023-05-17T16:47:02+00:00","og_image":[{"url":"https:\/\/casaalbets.cat\/wp-content\/uploads\/2018\/05\/bot-cont-1.png"}],"twitter_card":"summary_large_image","twitter_misc":{"Temps estimat de lectura":"2 minuts"},"schema":{"@context":"https:\/\/schema.org","@graph":[{"@type":"WebPage","@id":"https:\/\/casaalbets.cat\/ca\/footer\/","url":"https:\/\/casaalbets.cat\/ca\/footer\/","name":"FOOTER - Casa Albets","isPartOf":{"@id":"https:\/\/casaalbets.cat\/ca\/#website"},"primaryImageOfPage":{"@id":"https:\/\/casaalbets.cat\/ca\/footer\/#primaryimage"},"image":{"@id":"https:\/\/casaalbets.cat\/ca\/footer\/#primaryimage"},"thumbnailUrl":"https:\/\/casaalbets.cat\/wp-content\/uploads\/2018\/05\/bot-cont-1.png","datePublished":"2018-05-10T11:14:25+00:00","dateModified":"2023-05-17T16:47:02+00:00","breadcrumb":{"@id":"https:\/\/casaalbets.cat\/ca\/footer\/#breadcrumb"},"inLanguage":"ca","potentialAction":[{"@type":"ReadAction","target":["https:\/\/casaalbets.cat\/ca\/footer\/"]}]},{"@type":"ImageObject","inLanguage":"ca","@id":"https:\/\/casaalbets.cat\/ca\/footer\/#primaryimage","url":"https:\/\/casaalbets.cat\/wp-content\/uploads\/2018\/05\/bot-cont-1.png","contentUrl":"https:\/\/casaalbets.cat\/wp-content\/uploads\/2018\/05\/bot-cont-1.png"},{"@type":"BreadcrumbList","@id":"https:\/\/casaalbets.cat\/ca\/footer\/#breadcrumb","itemListElement":[{"@type":"ListItem","position":1,"name":"Portada","item":"https:\/\/casaalbets.cat\/ca\/"},{"@type":"ListItem","position":2,"name":"FOOTER"}]},{"@type":"WebSite","@id":"https:\/\/casaalbets.cat\/ca\/#website","url":"https:\/\/casaalbets.cat\/ca\/","name":"Casa Albets","description":"Hotel ecol\u00f3gico","potentialAction":[{"@type":"SearchAction","target":{"@type":"EntryPoint","urlTemplate":"https:\/\/casaalbets.cat\/ca\/?s={search_term_string}"},"query-input":"required name=search_term_string"}],"inLanguage":"ca"}]}},"_links":{"self":[{"href":"https:\/\/casaalbets.cat\/ca\/wp-json\/wp\/v2\/pages\/5692"}],"collection":[{"href":"https:\/\/casaalbets.cat\/ca\/wp-json\/wp\/v2\/pages"}],"about":[{"href":"https:\/\/casaalbets.cat\/ca\/wp-json\/wp\/v2\/types\/page"}],"author":[{"embeddable":true,"href":"https:\/\/casaalbets.cat\/ca\/wp-json\/wp\/v2\/users\/8"}],"replies":[{"embeddable":true,"href":"https:\/\/casaalbets.cat\/ca\/wp-json\/wp\/v2\/comments?post=5692"}],"version-history":[{"count":0,"href":"https:\/\/casaalbets.cat\/ca\/wp-json\/wp\/v2\/pages\/5692\/revisions"}],"wp:attachment":[{"href":"https:\/\/casaalbets.cat\/ca\/wp-json\/wp\/v2\/media?parent=5692"}],"curies":[{"name":"wp","href":"https:\/\/api.w.org\/{rel}","templated":true}]}}