{"id":5766,"date":"2018-05-11T15:29:10","date_gmt":"2018-05-11T15:29:10","guid":{"rendered":"https:\/\/casaalbets.cat\/aviso-legal\/"},"modified":"2018-05-21T14:31:02","modified_gmt":"2018-05-21T14:31:02","slug":"avis-legal","status":"publish","type":"page","link":"https:\/\/casaalbets.cat\/ca\/avis-legal\/","title":{"rendered":"Av\u00eds legal"},"content":{"rendered":"<div class=\"wpb-content-wrapper\">[vc_row full_width=&#8221;stretch_row_content_no_spaces&#8221; el_class=&#8221;header-pages&#8221; css=&#8221;.vc_custom_1525892434343{background-image: url(https:\/\/casaalbets.cat\/wp-content\/uploads\/2018\/05\/header-restaurante.jpg?id=5203) !important;background-position: center !important;background-repeat: no-repeat !important;background-size: cover !important;}&#8221;][vc_column el_class=&#8221;column-bg&#8221; css=&#8221;.vc_custom_1525846768800{padding-top: 180px !important;padding-bottom: 180px !important;}&#8221;][vc_column_text]\n<h2 style=\"text-align: center;\">CASA ALBETS<\/h2>\n<p style=\"text-align: center;\">UN HOTEL-RESTAURANT ECOL\u00d2GIC I VEG\u00c0<\/p>\n[\/vc_column_text][\/vc_column][\/vc_row][vc_row full_width=&#8221;stretch_row_content_no_spaces&#8221; el_class=&#8221;header-pages&#8221;][vc_column]<div class=\"vcex-spacing\" style=\"height:50px\"><\/div>[\/vc_column][\/vc_row][vc_row][vc_column][vc_column_text]\n<h2>Av\u00eds Legal<\/h2>\n<p>En compliment de la Llei 34\/2002 de &#8220;Serveis de la Societat de la Informaci\u00f3 i de Comer\u00e7 Electr\u00f2nic d&#8217;Espanya&#8221;, l&#8217;informem que aquesta p\u00e0gina Web \u00e9s propietat de\u00a0<strong>Casa Albets<\/strong>\u00a0<strong>2016 S.L<\/strong>., amb n\u00famero social\u00a0<strong>B25803636,<\/strong>\u00a0d&#8217;ara endavant L&#8217;Empresa, amb domicili a\u00a0<strong>Casa Albets s\/n,\u00a0<span class=\"fs20 ff1 cf0\">Lladurs, 25283, Lleida, Catalunya (Espanya)<\/span>.<\/strong><\/p>\n<p>Per a qualsevol consulta o proposta, contacteu-nos mitjan\u00e7ant el correu electr\u00f2nic a\u00a0<strong><span id=\"cloak49131d52fe0b03e7c0119cd80cecaa3e\"><a href=\"mailto:casa.albets@gmail.com\">casa.albets@gmail.com<\/a><\/span><\/strong>.<strong><br \/>\n<\/strong><\/p>\n<p>Aquesta p\u00e0gina Web es regeix per la normativa exclusivament aplicable a Espanya, quedant-hi sotmesa a aquella, tant nacionals com estrangers que utilitzin aquesta Web .L&#8217;acc\u00e9s a la nostre p\u00e0gina Web per part del USUARI \u00e9s gratu\u00efta i est\u00e0 condicionada a la pr\u00e8via lectura i acceptaci\u00f3 \u00edntegra, expressa i sense reserves de les presents CONDICIONS GENERALS D&#8217;\u00daS vigents en el moment de l&#8217;acc\u00e9s, que preguem llegeixi detingudament. l&#8217;USUARI, en el moment que utilitza el nostre portal, els seus continguts o serveis, accepta i es sotmet expressament a les condicions generals d&#8217;\u00fas del mateix. Si l&#8217;USUARI no estigu\u00e9s d&#8217;acord amb les presents condicions d&#8217;\u00fas, haur\u00e0 abstenir-se d&#8217;utilitzar aquest portal i operar per mitja del mateix.<\/p>\n<p>En qualsevol moment podem modificar la presentaci\u00f3 i configuraci\u00f3 de la nostre Web, ampliar-hi o reduir-hi serveis, i fins i tot suprimir-la de la Xarxa, aix\u00ed com els serveis i continguts prestats, tot aix\u00f2 de forma unilateral i sense previ av\u00eds.<\/p>\n<p><strong>A. PROPIETAT INTEL\u00b7LECTUAL<\/strong><\/p>\n<p>Tots els continguts, textos, imatges i codis font s\u00f3n propietat de L&#8217;Empresa o de tercers als quals se&#8217;ls ha adquirit els seus drets d&#8217;explotaci\u00f3, i estan protegits pels drets de Propietat Intel\u00b7lectual e Industrial.<\/p>\n<p>L&#8217;USUARI \u00fanicament t\u00e9 dret a fer-ne un \u00fas privat dels mateixos, sense \u00e0nim de lucre, i necessita autoritzaci\u00f3 expressa de L&#8217;Empresa, i\/o del titular dels drets, per a modificar-los, reproduir-los, explotar-los, distribuir-los o qualsevol dret que pertanyi al seu titular.<\/p>\n<p>L&#8217;establiment d&#8217;enlla\u00e7os al nostre portal no confereix cap dret sobre el mateix, i s&#8217;autoritza exclusivament per tal de permetre l&#8217;acc\u00e9s a la nostre web, quedant-hi prohibida en altres p\u00e0gines la reproducci\u00f3 total o parcial de les imatges i continguts del nostre portal. Aix\u00ed mateix, el simple fet d&#8217;establir-hi un enlla\u00e7 a la nostre p\u00e0gina web no d\u00f3na dret a atorgar-se&#8217;n la categoria de col\u00b7laborador o soci de L&#8217;Empresa.<\/p>\n<p>Est\u00e0 absolutament prohibida la imitaci\u00f3 ja sigui aquesta total o parcial del nostre portal.<\/p>\n<p><strong>B. CONDICIONS D&#8217;ACC\u00c9S<\/strong><\/p>\n<p>L&#8217;acc\u00e9s a la nostre p\u00e0gina Web \u00e9s gratu\u00eft i no requereix pr\u00e8via subscripci\u00f3 o registre. No obstant, L&#8217;Empresa es reserva el dret d&#8217;oferir serveis que requereixin el registre previ del usuari. En tot cas, aquests serveis quedaran degudament identificats a la Web, amb indicacions senzilles per al seu registre.<\/p>\n<p>l&#8217;USUARI haur\u00e0 d&#8217;accedir-hi a la nostre p\u00e0gina Web de conformitat a la bona fe, les normes d&#8217;ordre p\u00fablic i a les presents Condicions Generales d&#8217;\u00fas. L&#8217;acc\u00e9s al nostre lloc Web es realitza sota la pr\u00f2pia i exclusiva responsabilitat de l&#8217;USUARI, que respondr\u00e0 en tot cas dels danys i perjudicis que pogu\u00e9s causar a tercers o a nosaltres mateixos.<\/p>\n<p>l&#8217;USUARI t\u00e9 expressament prohibida la utilitzaci\u00f3 i obtenci\u00f3 dels serveis i continguts oferts a la present p\u00e0gina web per procediments diferents a aquells estipulats en les presents condicions d&#8217;\u00fas, i en el seu cas en les condicions particulars que regulen l&#8217;adquisici\u00f3 de determinats serveis.<\/p>\n<p>Tenint en compte la impossibilitat de control respecte a la informaci\u00f3, continguts i serveis que continguin altres websites a les quals es pugui accedir-hi mitjan\u00e7ant dels enlla\u00e7os que la nostre p\u00e0gina web posa a la seva disposici\u00f3, li comuniquem que L&#8217;Empresa, queda eximida de qualsevol responsabilitat pels danys i perjudicis de tota classe que es poguessin derivar per la utilitzaci\u00f3 d&#8217;aquestes p\u00e0gines web alienes a la nostre L&#8217;Empresa per part del usuari.<\/p>\n<p>L&#8217;Empresa es reserva el dret d&#8217;exercir-hi les accions legals oportunes contra aquells USUARIS que vulnerin les presents condicions generals d&#8217;\u00fas, acceptant l&#8217;USUARI que la no iniciaci\u00f3 d&#8217;aquestes accions no constitueix una ren\u00fancia formal a les mateixes, romanent aquestes vigents fins exhaurir els terminis de prescripci\u00f3 de les infraccions.<\/p>\n<p><strong>C. PROTECCI\u00d3 DE DADES PERSONALS<\/strong><\/p>\n<p>La confidencialitat, el secret professional i la seguretat s\u00f3n valors primordials de L&#8217;Empresa, que assumeix el comprom\u00eds de garantir la privacitat de l&#8217;USUARI o visitant en tot moment, i en totes les interaccions amb aquell. L&#8217;Empresa assumeix tamb\u00e9 el comprom\u00eds de no recollir informaci\u00f3 innecess\u00e0ria sobre l&#8217;USUARI. Aix\u00ed mateix, ens comprometem a tractar amb extrema dilig\u00e8ncia la informaci\u00f3 personal que l&#8217;USUARI pugui facilitar mitjan\u00e7ant de la nostre web.<\/p>\n<p>De conformitat amb la Llei Org\u00e0nica 15\/1999 de Protecci\u00f3 de Dades de Car\u00e0cter Personal (LOPD), i el Reial Decret 1720\/2007 de desenvolupament de la LOPD, li informem que la utilitzaci\u00f3 de determinats serveis a la nostre p\u00e0gina web requereix que ens facilitin certes dades personals mitjan\u00e7ant formularis de registre o mitjan\u00e7ant el enviament de missatges de correu electr\u00f2nic, i que aquestes seran objecte de tractament i incorporades als fitxers de L&#8217;Empresa, titular i responsable del mateix. El enviament referit de les dades personals constitueix el consentiment expr\u00e9s al tractament de les mateixes, en el ben ent\u00e8s de car\u00e0cter revocable i sense efectes retroactius.<\/p>\n<p>Aix\u00ed mateix l&#8217;informem que tots els nostres fitxers es troben legalment inscrits en el &#8220;<em>Registro General de Datos Personales de la Agencia Espa\u00f1ola de Protecci\u00f3n de Datos<\/em>&#8220;, aix\u00ed com que per a salvaguardar la seguretat de les seves dades personals s&#8217;aplicaran les mesures de seguretat t\u00e8cniques i organitzatives exigides en el Reial Decret 1720\/2007 que regula el reglament de mesures de seguretat dels fitxers que continguin dades de car\u00e0cter personal.<\/p>\n<p><strong>\u00das de les seves dades personals<\/strong><\/p>\n<p>Les dades que li sol\u00b7licitem s\u00f3n les adequades, pertinents i estrictament necess\u00e0ries per a la finalitat per a la qual es recullen, i en cap cas est\u00e0 obligat a facilitar-nos-les. Aix\u00ed mateix, ens certifica que totes les dades que ens facilita s\u00f3n certes, verdaderes i pertinents per a la finalitat per a la qual se les sol\u00b7licitem.<\/p>\n<p>La nostre p\u00e0gina Web recull les seves dades personals mitjan\u00e7ant la recepci\u00f3 de diversos formularis i mitjan\u00e7ant del correu electr\u00f2nic, on pot demanar-nos qualsevol tipus d&#8217;informaci\u00f3, aclariment o dubte, e incl\u00fas remetre&#8217;ns el seu curr\u00edculum vitae. El enviament de les mateixes implica la seva autoritzaci\u00f3 a incorporar-los als nostres fitxers corresponents, si L&#8217;Empresa ho considera convenient, i aquestes estaran regulades per les presents pol\u00edtiques de privacitat. Les seves dades seran incorporades als nostres fitxers de tractament de dades, i podran tanmateix ser cedides a les empreses del nostre grup per a usos o enviaments comercials i\/o promocionals dels nostres serveis.<\/p>\n<p>L&#8217;Empresa es reserva el dret de decidir la incorporaci\u00f3 o no de les seves dades personals als seus fitxers.<\/p>\n<p>Drets d&#8217;acc\u00e9s, rectificaci\u00f3, cancel\u00b7laci\u00f3 i oposici\u00f3 de les seves dades personals<\/p>\n<p>En qualsevol moment podr\u00e0 exercir els seus drets d&#8217;acc\u00e9s, rectificaci\u00f3, cancel\u00b7laci\u00f3 i oposici\u00f3 previstos a la llei mitjan\u00e7ant un escrit signat o mitjan\u00e7ant correu electr\u00f2nic dirigit a L&#8217;Empresa a l&#8217;adre\u00e7a a dalt indicada juntament amb la seva identificaci\u00f3 mitjan\u00e7ant fotoc\u00f2pia o c\u00f2pia escanejada del DNI.<\/p>\n<p><strong>Comunicacions de dades<\/strong><\/p>\n<p>L&#8217;Empresa l&#8217;informa que les seves dades s\u00f3n tractades confidencialment i s\u00f3n utilitzades exclusivament de manera interna i per a les finalitats indicades. Per aquesta ra\u00f3, no cedim ni comuniquem a tercers les seves dades, excepte en aquells casos legalment previstos, o en qu\u00e8 l&#8217;USUARI ens ho autoritzi expressament.<\/p>\n<p><strong>Seguretat de les seves dades personals<\/strong><\/p>\n<p>Amb l&#8217;objectiu de salvaguardar la seguretat de les seves dades personals, l&#8217;informem que L&#8217;Empresa ha adoptat totes les mesures d&#8217;\u00edndole t\u00e8cnica i organitzativa necess\u00e0ries per a garantir la seguretat de les dades personals subministrades de la seva alteraci\u00f3, p\u00e8rdua, i tractaments o accessos no autoritzats, tal como exigeix el Reial Decret 1720\/2007 que regula el reglament de mesures de seguretat dels fitxers que contenguin dades de car\u00e0cter personal.<\/p>\n<p><strong>Actualitzaci\u00f3 de les seves dades<\/strong><\/p>\n<p>\u00c9s important que per a que puguem mantenir-hi les seves dades personals en tot moment actualitzades ens informi sempre que hi hagi alguna modificaci\u00f3 de les mateixes, en cas contrari, no responem de la veracitat de les mateixes.<\/p>\n<p>Considerem que si no cancel\u00b7la les seves dades personals de manera expressa dels nostres fitxers continua interessat en seguir incorporat als mateixos fins a que L&#8217;Empresa ho consideri oport\u00fa, i mentre sigui adequat a la finalitat per la qual es varen obtenir.<\/p>\n<p>L&#8217;Empresa no es fa responsable de la pol\u00edtica de privacitat respecte a les dades personals que puguin facilitar a tercers per mitja dels enlla\u00e7os disponibles a la nostre p\u00e0gina web.<\/p>\n<p>L&#8217;Empresa pot modificar les presents pol\u00edtiques de privacitat per a adaptar-les a les modificacions que es facin a la nostre web, aix\u00ed com modificacions legislatives o jurisprudencials sobre dades personals que vagin sortint, ra\u00f3 per la qual s&#8217;exigeix la seva lectura cada vegada que ens faciliti les seves dades a trav\u00e9s d&#8217;aquesta Web.<\/p>\n<p><strong>D. RESPONSABILITATS<\/strong><\/p>\n<p>Al posar a disposici\u00f3 de l&#8217;USUARI aquesta p\u00e0gina Web volem oferir-los tota una s\u00e8rie de continguts i serveis de qualitat, utilitzant la m\u00e0xima dilig\u00e8ncia en la prestaci\u00f3 dels mateixos, aix\u00ed com en els mitjans tecnol\u00f2gics utilitzats. No obstant aix\u00f2, no respondrem de la pres\u00e8ncia de virus i d&#8217;altres elements que d&#8217;alguna manera puguin malmetre el sistema inform\u00e0tic de l&#8217;USUARI.<\/p>\n<p>l&#8217;USUARI t\u00e9 prohibit fer qualsevol tipus d&#8217;acci\u00f3 sobre el nostre portal que origini una excessiva sobrec\u00e0rrega de funcionament als nostres sistemes inform\u00e0tics, aix\u00ed com la introducci\u00f3 de virus, o instal\u00b7laci\u00f3 de robots, o software que alteri el normal funcionament de la nostre web, o qu\u00e8, en definitiva, pugui ocasionar danys als nostres sistemes inform\u00e0tics.<\/p>\n<p>l&#8217;USUARI assumeix tota la responsabilitat derivada de l&#8217;\u00fas de la nostre p\u00e0gina web, essent l&#8217;\u00fanic responsable de qualsevol efecte directe o indirecte que sobre la p\u00e0gina web se&#8217;n derivi, incloent-hi, de forma enunciativa i no limitativa qualsevol resultat econ\u00f2mic, t\u00e8cnic i\/o jur\u00eddic advers, aix\u00ed como la defraudaci\u00f3 de les expectatives generades pel nostre portal, obligant-se l&#8217;USUARI a mantenir indemne a L&#8217;Empresa per qualsevol reclamacions derivades, directa o indirectament de tals fets.<\/p>\n<p>L&#8217;Empresa queda exonerada de responsabilitat per qualsevol reclamaci\u00f3 respecte als drets de propietat intel\u00b7lectual dels articles i imatges publicades en el seu portal, i tanmateix no d\u00f3na garantia de la exactitud, veracitat i vig\u00e8ncia dels continguts d&#8217;aquesta p\u00e0gina web, ja siguin propis, de tercers, o enlla\u00e7ables a altres websites, quedant totalment exonerada de qualsevol responsabilitat derivada de l&#8217;\u00fas dels mateixos.<\/p>\n<p>L&#8217;Empresa queda exonerada de qualsevol responsabilitat derivada de qualsevol reclamaci\u00f3, incl\u00f2s el pagament d&#8217;honoraris a advocats, per les demandes i reclamacions originades per tercers pel incompliment per part de l&#8217;USUARI de les nostres condicions d&#8217;\u00fas, acc\u00e9s i pol\u00edtica de privacitat, o qualsevol altre reclamaci\u00f3 pel incompliment de la legislaci\u00f3 vigent.<\/p>\n<p>l&#8217;USUARI reconeix que ha ent\u00e8s tota la informaci\u00f3 respecte a les condicions d&#8217;\u00fas del nostre portal, i reconeix que s\u00f3n suficients per a excloure d&#8217;error les mateixes, i per tant, les accepta \u00edntegra i expressament.<\/p>\n<p>l&#8217;USUARI \u00e9s plenament conscient de que la mera navegaci\u00f3 per la present p\u00e0gina web, aix\u00ed com la utilitzaci\u00f3 dels seus serveis, implica l&#8217;acceptaci\u00f3 de les presents condicions d&#8217;\u00fas.<\/p>\n<p><strong>Tot all\u00f2 referent a la nostre p\u00e0gina web es regeix exclusivament per les lleis espanyoles. En el cas de que es produ\u00eds qualsevol tipus de discrep\u00e0ncia o difer\u00e8ncia entre les parts en relaci\u00f3 amb la interpretaci\u00f3 i contingut de la present p\u00e0gina web, totes les parts es sotmeten, amb ren\u00fancia expressa a qualsevol altre fur, als Jutjats i Tribunals de la prov\u00edncia de la ciutat on es troba la seu central de l&#8217;Empresa.<\/strong>[\/vc_column_text][\/vc_column][\/vc_row][vc_row][vc_column][\/vc_column][\/vc_row]\n<\/div>","protected":false},"excerpt":{"rendered":"CASA ALBETS UN HOTEL-RESTAURANT ECOL\u00d2GIC I VEG\u00c0 Av\u00eds Legal En compliment de la Llei 34\/2002 de \"Serveis de la Societat de la Informaci\u00f3 i de Comer\u00e7 Electr\u00f2nic d'Espanya\", l'informem que aquesta p\u00e0gina Web \u00e9s propietat de\u00a0Casa Albets\u00a02016 S.L., amb n\u00famero&hellip;","protected":false},"author":8,"featured_media":0,"parent":0,"menu_order":0,"comment_status":"closed","ping_status":"closed","template":"","meta":{"_joinchat":[],"footnotes":""},"yoast_head":"<!-- This site is optimized with the Yoast SEO plugin v23.0 - https:\/\/yoast.com\/wordpress\/plugins\/seo\/ -->\n<title>Av\u00eds legal - Casa Albets<\/title>\n<meta name=\"robots\" content=\"index, follow, max-snippet:-1, max-image-preview:large, max-video-preview:-1\" \/>\n<link rel=\"canonical\" href=\"https:\/\/casaalbets.cat\/ca\/avis-legal\/\" \/>\n<meta property=\"og:locale\" content=\"ca_ES\" \/>\n<meta property=\"og:type\" content=\"article\" \/>\n<meta property=\"og:title\" content=\"Av\u00eds legal - Casa Albets\" \/>\n<meta property=\"og:url\" content=\"https:\/\/casaalbets.cat\/ca\/avis-legal\/\" \/>\n<meta property=\"og:site_name\" content=\"Casa Albets\" \/>\n<meta property=\"article:modified_time\" content=\"2018-05-21T14:31:02+00:00\" \/>\n<meta name=\"twitter:card\" content=\"summary_large_image\" \/>\n<meta name=\"twitter:label1\" content=\"Temps estimat de lectura\" \/>\n\t<meta name=\"twitter:data1\" content=\"11 minuts\" \/>\n<script type=\"application\/ld+json\" class=\"yoast-schema-graph\">{\"@context\":\"https:\/\/schema.org\",\"@graph\":[{\"@type\":\"WebPage\",\"@id\":\"https:\/\/casaalbets.cat\/ca\/avis-legal\/\",\"url\":\"https:\/\/casaalbets.cat\/ca\/avis-legal\/\",\"name\":\"Av\u00eds legal - Casa Albets\",\"isPartOf\":{\"@id\":\"https:\/\/casaalbets.cat\/ca\/#website\"},\"datePublished\":\"2018-05-11T15:29:10+00:00\",\"dateModified\":\"2018-05-21T14:31:02+00:00\",\"breadcrumb\":{\"@id\":\"https:\/\/casaalbets.cat\/ca\/avis-legal\/#breadcrumb\"},\"inLanguage\":\"ca\",\"potentialAction\":[{\"@type\":\"ReadAction\",\"target\":[\"https:\/\/casaalbets.cat\/ca\/avis-legal\/\"]}]},{\"@type\":\"BreadcrumbList\",\"@id\":\"https:\/\/casaalbets.cat\/ca\/avis-legal\/#breadcrumb\",\"itemListElement\":[{\"@type\":\"ListItem\",\"position\":1,\"name\":\"Portada\",\"item\":\"https:\/\/casaalbets.cat\/ca\/\"},{\"@type\":\"ListItem\",\"position\":2,\"name\":\"Av\u00eds legal\"}]},{\"@type\":\"WebSite\",\"@id\":\"https:\/\/casaalbets.cat\/ca\/#website\",\"url\":\"https:\/\/casaalbets.cat\/ca\/\",\"name\":\"Casa Albets\",\"description\":\"Hotel ecol\u00f3gico\",\"potentialAction\":[{\"@type\":\"SearchAction\",\"target\":{\"@type\":\"EntryPoint\",\"urlTemplate\":\"https:\/\/casaalbets.cat\/ca\/?s={search_term_string}\"},\"query-input\":\"required name=search_term_string\"}],\"inLanguage\":\"ca\"}]}<\/script>\n<!-- \/ Yoast SEO plugin. -->","yoast_head_json":{"title":"Av\u00eds legal - Casa Albets","robots":{"index":"index","follow":"follow","max-snippet":"max-snippet:-1","max-image-preview":"max-image-preview:large","max-video-preview":"max-video-preview:-1"},"canonical":"https:\/\/casaalbets.cat\/ca\/avis-legal\/","og_locale":"ca_ES","og_type":"article","og_title":"Av\u00eds legal - Casa Albets","og_url":"https:\/\/casaalbets.cat\/ca\/avis-legal\/","og_site_name":"Casa Albets","article_modified_time":"2018-05-21T14:31:02+00:00","twitter_card":"summary_large_image","twitter_misc":{"Temps estimat de lectura":"11 minuts"},"schema":{"@context":"https:\/\/schema.org","@graph":[{"@type":"WebPage","@id":"https:\/\/casaalbets.cat\/ca\/avis-legal\/","url":"https:\/\/casaalbets.cat\/ca\/avis-legal\/","name":"Av\u00eds legal - Casa Albets","isPartOf":{"@id":"https:\/\/casaalbets.cat\/ca\/#website"},"datePublished":"2018-05-11T15:29:10+00:00","dateModified":"2018-05-21T14:31:02+00:00","breadcrumb":{"@id":"https:\/\/casaalbets.cat\/ca\/avis-legal\/#breadcrumb"},"inLanguage":"ca","potentialAction":[{"@type":"ReadAction","target":["https:\/\/casaalbets.cat\/ca\/avis-legal\/"]}]},{"@type":"BreadcrumbList","@id":"https:\/\/casaalbets.cat\/ca\/avis-legal\/#breadcrumb","itemListElement":[{"@type":"ListItem","position":1,"name":"Portada","item":"https:\/\/casaalbets.cat\/ca\/"},{"@type":"ListItem","position":2,"name":"Av\u00eds legal"}]},{"@type":"WebSite","@id":"https:\/\/casaalbets.cat\/ca\/#website","url":"https:\/\/casaalbets.cat\/ca\/","name":"Casa Albets","description":"Hotel ecol\u00f3gico","potentialAction":[{"@type":"SearchAction","target":{"@type":"EntryPoint","urlTemplate":"https:\/\/casaalbets.cat\/ca\/?s={search_term_string}"},"query-input":"required name=search_term_string"}],"inLanguage":"ca"}]}},"_links":{"self":[{"href":"https:\/\/casaalbets.cat\/ca\/wp-json\/wp\/v2\/pages\/5766"}],"collection":[{"href":"https:\/\/casaalbets.cat\/ca\/wp-json\/wp\/v2\/pages"}],"about":[{"href":"https:\/\/casaalbets.cat\/ca\/wp-json\/wp\/v2\/types\/page"}],"author":[{"embeddable":true,"href":"https:\/\/casaalbets.cat\/ca\/wp-json\/wp\/v2\/users\/8"}],"replies":[{"embeddable":true,"href":"https:\/\/casaalbets.cat\/ca\/wp-json\/wp\/v2\/comments?post=5766"}],"version-history":[{"count":0,"href":"https:\/\/casaalbets.cat\/ca\/wp-json\/wp\/v2\/pages\/5766\/revisions"}],"wp:attachment":[{"href":"https:\/\/casaalbets.cat\/ca\/wp-json\/wp\/v2\/media?parent=5766"}],"curies":[{"name":"wp","href":"https:\/\/api.w.org\/{rel}","templated":true}]}}