{"id":6113,"date":"2018-05-14T08:00:58","date_gmt":"2018-05-14T08:00:58","guid":{"rendered":"https:\/\/casaalbets.cat\/nosotros\/"},"modified":"2025-05-31T09:47:30","modified_gmt":"2025-05-31T09:47:30","slug":"nosaltres","status":"publish","type":"page","link":"https:\/\/casaalbets.cat\/ca\/nosaltres\/","title":{"rendered":"NOSALTRES"},"content":{"rendered":"<div class=\"wpb-content-wrapper\">[vc_row full_width=&#8221;stretch_row_content_no_spaces&#8221; el_class=&#8221;header-pages&#8221; css=&#8221;.vc_custom_1744555695735{margin-bottom: 50px !important;background-image: url(https:\/\/casaalbets.cat\/wp-content\/uploads\/2025\/04\/F57-Verde-cabecera.jpg?id=16521) !important;background-position: center !important;background-repeat: no-repeat !important;background-size: cover !important;}&#8221; wpex_bg_position=&#8221;bottom center&#8221;][vc_column el_class=&#8221;column-bg&#8221; css=&#8221;.vc_custom_1525846768800{padding-top: 180px !important;padding-bottom: 180px !important;}&#8221;][vc_column_text css=&#8221;&#8221; el_class=&#8221;cabecera1&#8243;]\n<h1 style=\"text-align: center;\">La hist\u00f2ria de Casa Albets, la nostra hist\u00f2ria<\/h1>\n[\/vc_column_text][vc_column_text css=&#8221;&#8221; el_class=&#8221;cabecera2&#8243;]\n<h2 style=\"text-align: center;\">Casa Albets \u00e9s el que \u00e9s avui, gr\u00e0cies a ques sempre hem estat fidels als nostres valors<\/h2>\n[\/vc_column_text]<div class=\"vcex-sshortcode clr\"><div id='reservas'><\/div>\r\n\t<script\r\n        type='text\/javascript'> window.addEventListener('DOMContentLoaded',\r\n        function (event) {\r\n            let id_partner = '2809';\r\n            let container_div = 'body';\r\n            let lang = 'es';\r\n            let cod_promo = true;\r\n            let engine_color = '#628b3d';\r\n            let darkmode = false;\r\n            let rounded = '2px';\r\n            let shadow = '2px';\r\n            let corporate_engines = undefined;\r\n            let corporate_type = undefined;\r\n            let fnsbooking = new FNSbooking(id_partner, container_div, lang, engine_color, cod_promo, darkmode, rounded, shadow, corporate_engines, corporate_type);\r\n            let custom_styles = undefined;\r\n            fnsbooking.setCustomStyles(custom_styles);\r\n            fnsbooking.show();\r\n        });\r\n        <\/script><\/div>[\/vc_column][\/vc_row][vc_row][vc_column][vc_empty_space height=&#8221;60px&#8221;][vc_single_image image=&#8221;16527&#8243; img_size=&#8221;800&#215;600&#8243; alignment=&#8221;center&#8221; onclick=&#8221;link_image&#8221; css=&#8221;&#8221; el_class=&#8221;borde_redondeado&#8221;][\/vc_column][\/vc_row][vc_row][vc_column]<div class=\"vcex-spacing\" style=\"height:60px\"><\/div>[vc_column_text css=&#8221;&#8221;]\n<p style=\"text-align: center;\">Tot i que aquesta masia sempre ha sigut de la meva fam\u00edlia (des del s.XI), el projecte de Casa Albets va comen\u00e7ar quan vaig con\u00e8ixer a en Joel. La llavor de Casa Albets \u00e9s conjunta.<\/p>\n[\/vc_column_text]<div class=\"vcex-spacing\" style=\"height:30px\"><\/div>[vc_column_text css=&#8221;&#8221;]\n<p style=\"text-align: center;\">Per cert, soc la Megan, pubilla de Casa Albets i l&#8217;encarregada de fer que et sentis com a casa quan vinguis a visitar-nos.<\/p>\n[\/vc_column_text]<div class=\"vcex-spacing\" style=\"height:30px\"><\/div>[vc_column_text css=&#8221;&#8221;]\n<p style=\"text-align: center;\">Per\u00f2 abans de veure&#8217;ns en persona, vull que coneguis una mica la nostra hist\u00f2ria.<\/p>\n[\/vc_column_text]<div class=\"vcex-spacing\" style=\"height:30px\"><\/div>[vc_column_text css=&#8221;&#8221;]\n<p style=\"text-align: center;\">Vam comen\u00e7ar amb molta il\u00b7lusi\u00f3 per\u00f2 amb nul\u00b7la experi\u00e8ncia. D&#8217;en\u00e7\u00e0 que vam obrir les nostres portes l&#8217;any 2017 hem hagut de suportar cops tan durs com la pand\u00e8mia, quan ens vam veure obligades a tancar temporalment i ens vam quedar sense cap font d&#8217;ingressos i amb dos filles petites. Ho hem fet tot alhora, hem constru\u00eft un projecte de vida preci\u00f3s i hem format una fam\u00edlia (tenim 3 filles)&#8230; Una bogeria de la qual estem molt molt orgulloses.<\/p>\n[\/vc_column_text]<div class=\"vcex-spacing\" style=\"height:30px\"><\/div>[vc_column_text css=&#8221;&#8221;]\n<p style=\"text-align: center;\">Totes les pedres al cam\u00ed ens han servit per a reflexionar, aprendre dels nostres errors i anar fent evolucionar el nostre negoci.<\/p>\n[\/vc_column_text]<div class=\"vcex-spacing\" style=\"height:30px\"><\/div>[vc_column_text css=&#8221;&#8221;]\n<p style=\"text-align: center;\">Joel i jo mai desistim i, saps per qu\u00e8? Perqu\u00e8 ten\u00edem i tenim un prop\u00f2sit clar:<\/p>\n[\/vc_column_text]<div class=\"vcex-spacing\" style=\"height:30px\"><\/div>[vc_column_text css=&#8221;&#8221;]\n<p style=\"text-align: center;\"><strong>Oferir una experi\u00e8ncia gastron\u00f2mica vegana excel\u00b7lent que inspiri un estil de vida m\u00e9s \u00e8tic i respectu\u00f3s, i crear un espai de benestar on totes les persones se sentin segures en un hotel pac\u00edfic i inclusiu.<\/strong><\/p>\n[\/vc_column_text]<div class=\"vcex-spacing\" style=\"height:30px\"><\/div>[vc_column_text css=&#8221;&#8221;]\n<p style=\"text-align: center;\">Gr\u00e0cies al nostre esfor\u00e7, molta inversi\u00f3 i un constant aprenentatge, podem dir que Casa Albets est\u00e0 100% alineada amb els prop\u00f2sits que ten\u00edem quan vam emprendre aquesta aventura.<\/p>\n[\/vc_column_text][\/vc_column][\/vc_row][vc_row][vc_column][vc_empty_space height=&#8221;60px&#8221;][vc_single_image image=&#8221;16534&#8243; img_size=&#8221;600&#215;600&#8243; alignment=&#8221;center&#8221; onclick=&#8221;link_image&#8221; css=&#8221;&#8221; el_class=&#8221;borde_redondeado&#8221;]<div class=\"vcex-spacing\" style=\"height:30px\"><\/div>[vc_column_text css=&#8221;&#8221;]\n<p style=\"text-align: center;\"><strong>Som la Megan i en Joel, l&#8217;equip de Casa Albets<\/strong><\/p>\n<p style=\"text-align: center;\">Som fam\u00edlia nombrosa i multi-esp\u00e8cie (3 criatures, 3 gossos i 4 gats) i treballem conjuntament perqu\u00e8 sempre escullis tornar.<\/p>\n[\/vc_column_text][\/vc_column][\/vc_row][vc_row el_class=&#8221;fila_estrecha&#8221;][vc_column width=&#8221;1\/2&#8243;]<div class=\"vcex-spacing\" style=\"height:60px\"><\/div>[vc_column_text css=&#8221;&#8221; el_class=&#8221;textocabecera&#8221;]\n<p style=\"text-align: center;\">Megan<\/p>\n[\/vc_column_text]<div class=\"vcex-spacing\" style=\"height:30px\"><\/div>[vc_single_image image=&#8221;16540&#8243; img_size=&#8221;400&#215;600&#8243; alignment=&#8221;center&#8221; onclick=&#8221;link_image&#8221; css=&#8221;&#8221; el_class=&#8221;borde_redondeado&#8221;]<div class=\"vcex-spacing\" style=\"height:30px\"><\/div>[vc_column_text css=&#8221;&#8221;]\n<p style=\"text-align: center;\">Em veur\u00e0s per tot arreu perqu\u00e8 soc totterreny. Atenc les teves trucades i missatges, serveixo els sopars i els esmorzars, soc recepcionista en tots els torns, porto la comptabilitat i cuido tots els detalls&#8230; ah! I tamb\u00e9 soc la creadora de contingut a Instagram.<\/p>\n[\/vc_column_text]<div class=\"vcex-spacing\" style=\"height:30px\"><\/div>[\/vc_column][vc_column width=&#8221;1\/2&#8243;]<div class=\"vcex-spacing\" style=\"height:60px\"><\/div>[vc_column_text css=&#8221;&#8221; el_class=&#8221;textocabecera&#8221;]\n<p style=\"text-align: center;\">Joel<\/p>\n[\/vc_column_text]<div class=\"vcex-spacing\" style=\"height:30px\"><\/div>[vc_single_image image=&#8221;16546&#8243; img_size=&#8221;400&#215;600&#8243; alignment=&#8221;center&#8221; onclick=&#8221;link_image&#8221; css=&#8221;&#8221; el_class=&#8221;borde_redondeado&#8221;]<div class=\"vcex-spacing\" style=\"height:30px\"><\/div>[vc_column_text css=&#8221;&#8221;]\n<p style=\"text-align: center;\">Oficialment, soc el xef del restaurant, i la persona que far\u00e0 que les teves papil\u00b7les gustatives al\u00b7lucinin. Tot i que tamb\u00e9 porto l&#8217;hort, faig d&#8217;electricista, soc molt manetes i m&#8217;encanta arreglar el jard\u00ed.<\/p>\n[\/vc_column_text]<div class=\"vcex-spacing\" style=\"height:30px\"><\/div>[\/vc_column][\/vc_row][vc_row][vc_column]<div class=\"vcex-spacing\" style=\"height:60px\"><\/div>[vc_column_text css=&#8221;&#8221; el_class=&#8221;textocabecera&#8221;]\n<h2 style=\"text-align: center;\">Som emprenedores amb valors<\/h2>\n[\/vc_column_text]<div class=\"vcex-spacing\" style=\"height:30px\"><\/div>[vc_column_text css=&#8221;&#8221;]\n<p class=\"texto_resaltado\" style=\"text-align: center;\"><strong>Ecologistes<\/strong><\/p>\n<p style=\"text-align: center;\"><strong>Cada aspecte de la teva estada a Casa Albets estar\u00e0 alineat amb uns valors sostenibles.<\/strong><\/p>\n<p style=\"text-align: center;\">\u00a0&#8211; Tots els nostres productes, des d&#8217;aliments fins a cosm\u00e8tics i mobiliari s\u00f3n vegans, ecol\u00f2gics i locals (sempre que \u00e9s possible), per a reduir al m\u00e0xim la nostra petjada de carboni.<br \/>\n&#8211; Escalfem les nostres instal\u00b7lacions amb biomassa de la comarca.<br \/>\n&#8211; Compostem qualsevol residu org\u00e0nic.<br \/>\n&#8211; Tractem les nostres aig\u00fces grises de manera natural en una depuradora amb plantes especialitzades.<br \/>\n&#8211; Reciclem el 100% dels nostres residus reciclables.<br \/>\n&#8211; La nostra energia prov\u00e9 de les nostres plaques solars, i quan necessitem subministrament extra, la comprem a una empresa que distribueix nom\u00e9s energia renovable.<\/p>\n[\/vc_column_text]<div class=\"vcex-spacing\" style=\"height:30px\"><\/div>[vc_column_text css=&#8221;&#8221;]\n<p class=\"texto_resaltado\" style=\"text-align: center;\"><strong>Persones veganes<\/strong><\/p>\n<p style=\"text-align: center;\"><strong>Perqu\u00e8 si est\u00e0s sensibilitzada amb el respecte als animals, aqu\u00ed podr\u00e0s gaudir en un espai que est\u00e0 totalment alineat amb els teus valors sense haver de renunciar a res.<\/strong><\/p>\n<p style=\"text-align: center;\">\u00a0&#8211; Part dels nostres beneficis els destinem a causes animalistes.<br \/>\n&#8211; Si viatges amb el teu gos ser\u00e0 m\u00e9s que benvingut.<br \/>\n&#8211; TOT (tot, tot, tot de veritat) \u00e9s veg\u00e0. No nom\u00e9s el menjar (que \u00e9s el m\u00e9s evident) sin\u00f3 tamb\u00e9 la nostra roba i sabates, els cosm\u00e8tics, mobiliari, roba de llit, decoraci\u00f3&#8230;<\/p>\n[\/vc_column_text]<div class=\"vcex-spacing\" style=\"height:30px\"><\/div>[vc_column_text css=&#8221;&#8221;]\n<p class=\"texto_resaltado\" style=\"text-align: center;\"><strong>De comer\u00e7 just<\/strong><\/p>\n<p style=\"text-align: center;\"><strong>Perqu\u00e8 som un negoci familiar que recolza a altres petites empreses.<\/strong><\/p>\n<p style=\"text-align: center;\">\u00a0&#8211; Treballem amb petites empreses i artesanes de la comarca.<br \/>\n&#8211; Nom\u00e9s col\u00b7laborem amb marques que estiguin en l\u00ednia amb els nostres valors.<br \/>\n&#8211; Aquells productes que no podem comprar localment (com la xocolata o el caf\u00e8) els comprem ecol\u00f2gics i amb segell de comer\u00e7 just.<\/p>\n[\/vc_column_text]<div class=\"vcex-spacing\" style=\"height:30px\"><\/div>[\/vc_column][\/vc_row][vc_row][vc_column]<div class=\"vcex-spacing\" style=\"height:60px\"><\/div>[vc_column_text css=&#8221;&#8221; el_class=&#8221;textocabecera&#8221;]\n<p style=\"text-align: center;\">Han passat per casa nostra milers d&#8217;hostes.<\/p>\n[\/vc_column_text][\/vc_column][\/vc_row][vc_row][vc_column]<div class=\"vcex-spacing\" style=\"height:60px\"><\/div>[vc_column_text css=&#8221;&#8221;]\n<p style=\"text-align: center;\">I diem amb orgull que tenim una incre\u00efble comunitat a Instagram amb la que compartim valors i riem una estona<\/p>\n[\/vc_column_text]<div class=\"vcex-spacing\" style=\"height:30px\"><\/div>[vc_single_image image=&#8221;17106&#8243; alignment=&#8221;center&#8221; onclick=&#8221;custom_link&#8221; img_link_target=&#8221;_blank&#8221; css=&#8221;&#8221; link=&#8221;https:\/\/www.instagram.com\/hotelcasaalbets\/&#8221;]<div class=\"vcex-spacing\" style=\"height:30px\"><\/div>[vc_column_text css=&#8221;&#8221;]\n<p style=\"text-align: center;\">Aix\u00ed que, si ets m\u00e9s de&#8230;<\/p>\n<p style=\"text-align: center;\"><strong>Deixar petjada a terra abans que al medi ambient<\/strong><br \/>\n<strong>Menjar-te A PETONS als animals<\/strong><br \/>\n<strong>Donar suport a negocis locals en lloc de comprar a grans empreses<\/strong><\/p>\n<p style=\"text-align: center;\">Llavors, ets molt de Casa Albets<br \/>\ni ja t&#8217;estem esperant.<\/p>\n[\/vc_column_text][\/vc_column][\/vc_row][vc_row][vc_column]<div class=\"vcex-spacing\" style=\"height:60px\"><\/div>[vc_column_text css=&#8221;&#8221; el_class=&#8221;cta_nsc&#8221;]\n<h3 style=\"text-align: center;\">Reserva la teva habitaci\u00f3 a Casa Albets amb sopar degustaci\u00f3 incl\u00f2s <span class=\"vc_icon_element-icon fas fa-chevron-right\">\u00a0<\/span><\/h3>\n[\/vc_column_text]<div class=\"vcex-spacing\" style=\"height:100px\"><\/div>[\/vc_column][\/vc_row][vc_row el_class=&#8221;displaynone&#8221;][vc_column][vc_icon icon_fontawesome=&#8221;fas fa-angle-right&#8221; css=&#8221;&#8221;][\/vc_column][\/vc_row]\n<\/div>","protected":false},"excerpt":{"rendered":"<p>[vc_row full_width=&#8221;stretch_row_content_no_spaces&#8221; el_class=&#8221;header-pages&#8221; css=&#8221;.vc_custom_1744555695735{margin-bottom: 50px !important;background-image: url(https:\/\/casaalbets.cat\/wp-content\/uploads\/2025\/04\/F57-Verde-cabecera.jpg?id=16521) !important;background-position: center !important;background-repeat: no-repeat !important;background-size: cover !important;}&#8221; wpex_bg_position=&#8221;bottom center&#8221;][vc_column el_class=&#8221;column-bg&#8221; css=&#8221;.vc_custom_1525846768800{padding-top: 180px !important;padding-bottom: 180px !important;}&#8221;][vc_column_text css=&#8221;&#8221; el_class=&#8221;cabecera1&#8243;] La hist\u00f2ria de Casa Albets, la nostra hist\u00f2ria [\/vc_column_text][vc_column_text css=&#8221;&#8221; el_class=&#8221;cabecera2&#8243;] Casa Albets \u00e9s el que&hellip;<\/p>\n","protected":false},"author":8,"featured_media":0,"parent":0,"menu_order":0,"comment_status":"closed","ping_status":"closed","template":"","meta":{"_joinchat":[],"footnotes":""},"yoast_head":"<!-- This site is optimized with the Yoast SEO plugin v23.0 - https:\/\/yoast.com\/wordpress\/plugins\/seo\/ -->\n<title>NOSALTRES - Casa Albets<\/title>\n<meta name=\"robots\" content=\"index, follow, max-snippet:-1, max-image-preview:large, max-video-preview:-1\" \/>\n<link rel=\"canonical\" href=\"https:\/\/casaalbets.cat\/ca\/nosaltres\/\" \/>\n<meta property=\"og:locale\" content=\"ca_ES\" \/>\n<meta property=\"og:type\" content=\"article\" \/>\n<meta property=\"og:title\" content=\"NOSALTRES - Casa Albets\" \/>\n<meta property=\"og:description\" content=\"[vc_row full_width=&#8221;stretch_row_content_no_spaces&#8221; el_class=&#8221;header-pages&#8221; css=&#8221;.vc_custom_1744555695735{margin-bottom: 50px !important;background-image: url(https:\/\/casaalbets.cat\/wp-content\/uploads\/2025\/04\/F57-Verde-cabecera.jpg?id=16521) !important;background-position: center !important;background-repeat: no-repeat !important;background-size: cover !important;}&#8221; wpex_bg_position=&#8221;bottom center&#8221;][vc_column el_class=&#8221;column-bg&#8221; css=&#8221;.vc_custom_1525846768800{padding-top: 180px !important;padding-bottom: 180px !important;}&#8221;][vc_column_text css=&#8221;&#8221; el_class=&#8221;cabecera1&#8243;] La hist\u00f2ria de Casa Albets, la nostra hist\u00f2ria [\/vc_column_text][vc_column_text css=&#8221;&#8221; el_class=&#8221;cabecera2&#8243;] Casa Albets \u00e9s el que&hellip;\" \/>\n<meta property=\"og:url\" content=\"https:\/\/casaalbets.cat\/ca\/nosaltres\/\" \/>\n<meta property=\"og:site_name\" content=\"Casa Albets\" \/>\n<meta property=\"article:modified_time\" content=\"2025-05-31T09:47:30+00:00\" \/>\n<meta name=\"twitter:card\" content=\"summary_large_image\" \/>\n<meta name=\"twitter:label1\" content=\"Temps estimat de lectura\" \/>\n\t<meta name=\"twitter:data1\" content=\"6 minuts\" \/>\n<script type=\"application\/ld+json\" class=\"yoast-schema-graph\">{\"@context\":\"https:\/\/schema.org\",\"@graph\":[{\"@type\":\"WebPage\",\"@id\":\"https:\/\/casaalbets.cat\/ca\/nosaltres\/\",\"url\":\"https:\/\/casaalbets.cat\/ca\/nosaltres\/\",\"name\":\"NOSALTRES - Casa Albets\",\"isPartOf\":{\"@id\":\"https:\/\/casaalbets.cat\/ca\/#website\"},\"datePublished\":\"2018-05-14T08:00:58+00:00\",\"dateModified\":\"2025-05-31T09:47:30+00:00\",\"breadcrumb\":{\"@id\":\"https:\/\/casaalbets.cat\/ca\/nosaltres\/#breadcrumb\"},\"inLanguage\":\"ca\",\"potentialAction\":[{\"@type\":\"ReadAction\",\"target\":[\"https:\/\/casaalbets.cat\/ca\/nosaltres\/\"]}]},{\"@type\":\"BreadcrumbList\",\"@id\":\"https:\/\/casaalbets.cat\/ca\/nosaltres\/#breadcrumb\",\"itemListElement\":[{\"@type\":\"ListItem\",\"position\":1,\"name\":\"Portada\",\"item\":\"https:\/\/casaalbets.cat\/ca\/\"},{\"@type\":\"ListItem\",\"position\":2,\"name\":\"NOSALTRES\"}]},{\"@type\":\"WebSite\",\"@id\":\"https:\/\/casaalbets.cat\/ca\/#website\",\"url\":\"https:\/\/casaalbets.cat\/ca\/\",\"name\":\"Casa Albets\",\"description\":\"Hotel ecol\u00f3gico\",\"potentialAction\":[{\"@type\":\"SearchAction\",\"target\":{\"@type\":\"EntryPoint\",\"urlTemplate\":\"https:\/\/casaalbets.cat\/ca\/?s={search_term_string}\"},\"query-input\":\"required name=search_term_string\"}],\"inLanguage\":\"ca\"}]}<\/script>\n<!-- \/ Yoast SEO plugin. -->","yoast_head_json":{"title":"NOSALTRES - Casa Albets","robots":{"index":"index","follow":"follow","max-snippet":"max-snippet:-1","max-image-preview":"max-image-preview:large","max-video-preview":"max-video-preview:-1"},"canonical":"https:\/\/casaalbets.cat\/ca\/nosaltres\/","og_locale":"ca_ES","og_type":"article","og_title":"NOSALTRES - Casa Albets","og_description":"[vc_row full_width=&#8221;stretch_row_content_no_spaces&#8221; el_class=&#8221;header-pages&#8221; css=&#8221;.vc_custom_1744555695735{margin-bottom: 50px !important;background-image: url(https:\/\/casaalbets.cat\/wp-content\/uploads\/2025\/04\/F57-Verde-cabecera.jpg?id=16521) !important;background-position: center !important;background-repeat: no-repeat !important;background-size: cover !important;}&#8221; wpex_bg_position=&#8221;bottom center&#8221;][vc_column el_class=&#8221;column-bg&#8221; css=&#8221;.vc_custom_1525846768800{padding-top: 180px !important;padding-bottom: 180px !important;}&#8221;][vc_column_text css=&#8221;&#8221; el_class=&#8221;cabecera1&#8243;] La hist\u00f2ria de Casa Albets, la nostra hist\u00f2ria [\/vc_column_text][vc_column_text css=&#8221;&#8221; el_class=&#8221;cabecera2&#8243;] Casa Albets \u00e9s el que&hellip;","og_url":"https:\/\/casaalbets.cat\/ca\/nosaltres\/","og_site_name":"Casa Albets","article_modified_time":"2025-05-31T09:47:30+00:00","twitter_card":"summary_large_image","twitter_misc":{"Temps estimat de lectura":"6 minuts"},"schema":{"@context":"https:\/\/schema.org","@graph":[{"@type":"WebPage","@id":"https:\/\/casaalbets.cat\/ca\/nosaltres\/","url":"https:\/\/casaalbets.cat\/ca\/nosaltres\/","name":"NOSALTRES - Casa Albets","isPartOf":{"@id":"https:\/\/casaalbets.cat\/ca\/#website"},"datePublished":"2018-05-14T08:00:58+00:00","dateModified":"2025-05-31T09:47:30+00:00","breadcrumb":{"@id":"https:\/\/casaalbets.cat\/ca\/nosaltres\/#breadcrumb"},"inLanguage":"ca","potentialAction":[{"@type":"ReadAction","target":["https:\/\/casaalbets.cat\/ca\/nosaltres\/"]}]},{"@type":"BreadcrumbList","@id":"https:\/\/casaalbets.cat\/ca\/nosaltres\/#breadcrumb","itemListElement":[{"@type":"ListItem","position":1,"name":"Portada","item":"https:\/\/casaalbets.cat\/ca\/"},{"@type":"ListItem","position":2,"name":"NOSALTRES"}]},{"@type":"WebSite","@id":"https:\/\/casaalbets.cat\/ca\/#website","url":"https:\/\/casaalbets.cat\/ca\/","name":"Casa Albets","description":"Hotel ecol\u00f3gico","potentialAction":[{"@type":"SearchAction","target":{"@type":"EntryPoint","urlTemplate":"https:\/\/casaalbets.cat\/ca\/?s={search_term_string}"},"query-input":"required name=search_term_string"}],"inLanguage":"ca"}]}},"_links":{"self":[{"href":"https:\/\/casaalbets.cat\/ca\/wp-json\/wp\/v2\/pages\/6113"}],"collection":[{"href":"https:\/\/casaalbets.cat\/ca\/wp-json\/wp\/v2\/pages"}],"about":[{"href":"https:\/\/casaalbets.cat\/ca\/wp-json\/wp\/v2\/types\/page"}],"author":[{"embeddable":true,"href":"https:\/\/casaalbets.cat\/ca\/wp-json\/wp\/v2\/users\/8"}],"replies":[{"embeddable":true,"href":"https:\/\/casaalbets.cat\/ca\/wp-json\/wp\/v2\/comments?post=6113"}],"version-history":[{"count":0,"href":"https:\/\/casaalbets.cat\/ca\/wp-json\/wp\/v2\/pages\/6113\/revisions"}],"wp:attachment":[{"href":"https:\/\/casaalbets.cat\/ca\/wp-json\/wp\/v2\/media?parent=6113"}],"curies":[{"name":"wp","href":"https:\/\/api.w.org\/{rel}","templated":true}]}}