{"id":13483,"date":"2022-06-07T19:03:19","date_gmt":"2022-06-07T19:03:19","guid":{"rendered":"https:\/\/casaalbets.cat\/?page_id=13483"},"modified":"2025-05-31T14:46:07","modified_gmt":"2025-05-31T14:46:07","slug":"pet-friendly","status":"publish","type":"page","link":"https:\/\/casaalbets.cat\/es\/pet-friendly\/","title":{"rendered":"PET FRIENDLY"},"content":{"rendered":"<div class=\"wpb-content-wrapper\">[vc_row full_width=\u00bbstretch_row_content_no_spaces\u00bb el_class=\u00bbheader-pages\u00bb css=\u00bb.vc_custom_1744104880120{margin-bottom: 50px !important;background-image: url(https:\/\/casaalbets.cat\/wp-content\/uploads\/2025\/04\/F53-Verde-cabecea-scaled.jpg?id=16491) !important;background-position: center !important;background-repeat: no-repeat !important;background-size: cover !important;}\u00bb wpex_bg_position=\u00bbbottom center\u00bb][vc_column el_class=\u00bbcolumn-bg\u00bb css=\u00bb.vc_custom_1525846768800{padding-top: 180px !important;padding-bottom: 180px !important;}\u00bb][vc_column_text css=\u00bb\u00bb el_class=\u00bbcabecera1&#8243;]\n<h1 style=\"text-align: center;\">Hotel 4 estrellas pet friendly a menos de dos horas de Barcelona<\/h1>\n[\/vc_column_text][vc_column_text css=\u00bb\u00bb el_class=\u00bbcabecera2&#8243;]\n<h2 style=\"text-align: center;\">Comparte momentos especiales con tu mejor amigo<\/h2>\n[\/vc_column_text]<div class=\"vcex-sshortcode clr\"><div id='reservas'><\/div>\r\n\t<script\r\n        type='text\/javascript'> window.addEventListener('DOMContentLoaded',\r\n        function (event) {\r\n            let id_partner = '2809';\r\n            let container_div = 'body';\r\n            let lang = 'es';\r\n            let cod_promo = true;\r\n            let engine_color = '#628b3d';\r\n            let darkmode = false;\r\n            let rounded = '2px';\r\n            let shadow = '2px';\r\n            let corporate_engines = undefined;\r\n            let corporate_type = undefined;\r\n            let fnsbooking = new FNSbooking(id_partner, container_div, lang, engine_color, cod_promo, darkmode, rounded, shadow, corporate_engines, corporate_type);\r\n            let custom_styles = undefined;\r\n            fnsbooking.setCustomStyles(custom_styles);\r\n            fnsbooking.show();\r\n        });\r\n        <\/script><\/div>[\/vc_column][\/vc_row][vc_row][vc_column]<div class=\"vcex-spacing\" style=\"height:60px\"><\/div>[vc_column_text css=\u00bb\u00bb]\n<p style=\"text-align: center;\">Sabemos que viajar con tu fiel compa\u00f1ero puede ser todo un desaf\u00edo.<\/p>\n<p style=\"text-align: center;\">Encontrar un lugar seguro y c\u00f3modo donde pueda corretear, sin preocuparte por molestar a otros hu\u00e9spedes, parece casi imposible, \u00bfverdad?<\/p>\n<p style=\"text-align: center;\">D\u00e9janos decirte que aqu\u00ed, esa utop\u00eda se convierte en realidad.<\/p>\n<p style=\"text-align: center;\">Porque en Casa Albets tu compa\u00f1ero peludo ser\u00e1 m\u00e1s que bienvenido.<\/p>\n<p style=\"text-align: center;\">Te contamos.<\/p>\n[\/vc_column_text][\/vc_column][\/vc_row][vc_row][vc_column width=\u00bb2\/3&#8243;]<div class=\"vcex-spacing\" style=\"height:120px\"><\/div>[vc_column_text css=\u00bb\u00bb el_class=\u00bbtextocabecera centrarmobile\u00bb]\n<h3 style=\"text-align: right;\">\u00bfPor qu\u00e9 elegir Casa Albets?<\/h3>\n[\/vc_column_text]<div class=\"vcex-spacing\" style=\"height:30px\"><\/div>[vc_column_text css=\u00bb\u00bb el_class=\u00bbcentrarmobile\u00bb]\n<p style=\"text-align: right;\">Si compartes nuestra convicci\u00f3n de que todos los animales merecen respeto y amor, eres de las nuestras.<\/p>\n<p style=\"text-align: right;\">Como veganas comprometidas, rechazamos cualquier forma de explotaci\u00f3n animal. En Casa Albets, nos esforzamos por fomentar estos valores, creando un ambiente de armon\u00eda donde tanto humanos como perros puedan vivir una estancia feliz y relajada.<\/p>\n[\/vc_column_text]<div class=\"vcex-spacing\" style=\"height:30px\"><\/div>[\/vc_column][vc_column width=\u00bb1\/3&#8243; css=\u00bb.vc_custom_1744106691725{padding-left: 40px !important;}\u00bb el_class=\u00bbnopaddingmobile\u00bb]<div class=\"vcex-spacing\" style=\"height:90px\"><\/div>[vc_single_image image=\u00bb16497&#8243; img_size=\u00bb650&#215;650&#8243; onclick=\u00bblink_image\u00bb css=\u00bb\u00bb el_class=\u00bbborde_redondeado\u00bb][\/vc_column][\/vc_row][vc_row][vc_column width=\u00bb2\/3&#8243; css=\u00bb.vc_custom_1744106697474{padding-right: 40px !important;}\u00bb el_class=\u00bbnopaddingmobile\u00bb]<div class=\"vcex-spacing\" style=\"height:120px\"><\/div>[vc_column_text css=\u00bb\u00bb el_class=\u00bbtextocabecera centrarmobile\u00bb]\n<h3 style=\"text-align: right;\">Servicios que cubren sus necesidades<\/h3>\n[\/vc_column_text]<div class=\"vcex-spacing\" style=\"height:30px\"><\/div>[vc_column_text css=\u00bb\u00bb el_class=\u00bbcentrarmobile\u00bb]\n<p style=\"text-align: right;\">Queremos que tu mejor amigo se sienta como en casa, se relaje y disfrute de sus vacaciones con todas las comodidades, al igual que t\u00fa. Es por eso que, al llegar a la habitaci\u00f3n, tu compa\u00f1ero peludo encontrar\u00e1:<\/p>\n<p style=\"text-align: right;\">&#8211; Una acogedora cama propia, disponible en diferentes tama\u00f1os (S, M o L) para que ambos pod\u00e1is descansar a pata suelta.<br \/>\n&#8211; Un comedero y bebedero, para que no tengas que preocuparte por traer los suyos desde casa.<\/p>\n[\/vc_column_text]<div class=\"vcex-spacing\" style=\"height:30px\"><\/div>[\/vc_column][vc_column width=\u00bb1\/3&#8243;]<div class=\"vcex-spacing\" style=\"height:90px\"><\/div>[vc_single_image image=\u00bb16503&#8243; img_size=\u00bb650&#215;650&#8243; onclick=\u00bblink_image\u00bb css=\u00bb\u00bb el_class=\u00bbborde_redondeado\u00bb][\/vc_column][\/vc_row][vc_row][vc_column width=\u00bb2\/3&#8243;]<div class=\"vcex-spacing\" style=\"height:120px\"><\/div>[vc_column_text css=\u00bb\u00bb el_class=\u00bbtextocabecera centrarmobile\u00bb]\n<h3 style=\"text-align: right;\">Entorno id\u00edlico para ti y tu mejor amigo<\/h3>\n[\/vc_column_text]<div class=\"vcex-spacing\" style=\"height:30px\"><\/div>[vc_column_text css=\u00bb\u00bb el_class=\u00bbcentrarmobile\u00bb]\n<p style=\"text-align: right;\">Imagina dar largos paseos por el bosque, contemplar el atardecer en las monta\u00f1as o saborear una deliciosa cena acompa\u00f1ada de tu mejor amigo.<\/p>\n<p style=\"text-align: right;\">Aqu\u00ed, tu compa\u00f1ero peludo no ser\u00e1 considerado una molestia, \u00a1todo lo contrario! Estamos siempre atentas para resolver cualquier necesidad o inconveniente que pueda surgir, para que vuestra estancia sea perfecta.<\/p>\n[\/vc_column_text]<div class=\"vcex-spacing\" style=\"height:30px\"><\/div>[\/vc_column][vc_column width=\u00bb1\/3&#8243; css=\u00bb.vc_custom_1744106691725{padding-left: 40px !important;}\u00bb el_class=\u00bbnopaddingmobile\u00bb]<div class=\"vcex-spacing\" style=\"height:90px\"><\/div>[vc_single_image image=\u00bb16509&#8243; img_size=\u00bb650&#215;650&#8243; onclick=\u00bblink_image\u00bb css=\u00bb\u00bb el_class=\u00bbborde_redondeado\u00bb][\/vc_column][\/vc_row][vc_row][vc_column]<div class=\"vcex-spacing\" style=\"height:60px\"><\/div>[vc_column_text css=\u00bb\u00bb el_class=\u00bbcta_nsc\u00bb]\n<h3 style=\"text-align: center;\">Reserva la estancia para tu peludo en 4 pasos <span class=\"vc_icon_element-icon fas fa-chevron-right\">\u00a0<\/span><\/h3>\n[\/vc_column_text]<div class=\"vcex-spacing\" style=\"height:30px\"><\/div>[vc_column_text css=\u00bb\u00bb]\n<p style=\"text-align: center;\"><strong>1. Elige la fecha que mejor os venga para visitarnos<\/strong><br \/>\n<strong>2. Escoge tu habitaci\u00f3n favorita<\/strong><br \/>\n<strong>3. A\u00f1ade el perro antes de finalizar con la reserva<\/strong><br \/>\n<strong>4. Indica el tama\u00f1o en comentarios para que podamos prepararle su camita<\/strong><\/p>\n[\/vc_column_text]<div class=\"vcex-spacing\" style=\"height:30px\"><\/div>[vc_column_text css=\u00bb\u00bb]\n<p style=\"text-align: center;\">Si no nos lo has indicado, antes del d\u00eda de entrada te escribiremos para saber el tama\u00f1o del perro y as\u00ed ponerle la cama que mejor se ajuste.<\/p>\n[\/vc_column_text]<div class=\"vcex-spacing\" style=\"height:30px\"><\/div>[\/vc_column][\/vc_row][vc_row][vc_column]<div class=\"vcex-spacing\" style=\"height:60px\"><\/div>[vc_column_text css=\u00bb\u00bb el_class=\u00bbtextocabecera\u00bb]\n<h3 style=\"text-align: center;\">Conoce nuestras condiciones generales para traer a tu compa\u00f1ero<\/h3>\n[\/vc_column_text]<div class=\"vcex-spacing\" style=\"height:30px\"><\/div>[vc_column_text css=\u00bb\u00bb]\n<p style=\"text-align: center;\">Estamos encantadas de abrir nuestras puertas tanto a humanos como a peludos. Solo te pedimos que leas atentamente nuestra normativa para asegurarnos de que tanto t\u00fa como tu peludo amigo tengan una estancia inolvidable.<\/p>\n[\/vc_column_text]<div class=\"vcex-spacing\" style=\"height:30px\"><\/div>[vc_column_text css=\u00bb\u00bb]\n<p style=\"text-align: center;\"><strong>\u00bfQu\u00e9 tipo de perros se aceptan?<\/strong><br \/>\nTodos los perros son bienvenidos, sin importar su tama\u00f1o o raza.<\/p>\n<p style=\"text-align: center;\"><strong>\u00bfPuedo alojar a m\u00e1s de un perro en la habitaci\u00f3n?<\/strong><br \/>\n\u00bfViajas con m\u00e1s de un amigo? No hay problema, en Casa Albets puedes alojar m\u00e1s de un perro en la misma habitaci\u00f3n, solo tienes que comunic\u00e1rnoslo.<\/p>\n<p style=\"text-align: center;\"><strong>\u00bfQu\u00e9 precio tiene este servicio?<\/strong><br \/>\nPor 18 \u20ac por noche y por perro, tu compa\u00f1ero disfrutar\u00e1 de una estancia de lujo que incluye una cama y cuencos para su comodidad.<\/p>\n<p style=\"text-align: center;\"><strong>\u00bfPor qu\u00e9 cobr\u00e1is el servicio pet friendly?<\/strong><br \/>\nEstamos encantadas de alojar a nuestros amigos peludos, no obstante esto conlleva un coste extra en preparaci\u00f3n de habitaciones, limpieza tanto de espacios comunes como de las habitaciones y en atenci\u00f3n personalizada.<\/p>\n<p style=\"text-align: center;\"><strong>\u00bfEn qu\u00e9 zonas puede estar mi perro?<\/strong><br \/>\nNuestro hotel est\u00e1 abierto para que los perros disfruten en todas las \u00e1reas, excepto en la zona de la piscina porque la ley lo impide. Muy cerca del hotel hay una balsa natural donde los perros s\u00ed pueden ir a dar un chapuz\u00f3n.<\/p>\n<p style=\"text-align: center;\"><strong>\u00bfPuedo dejarlo suelto?<\/strong><br \/>\nEn las zonas exteriores s\u00ed, pero dentro del hotel los perros deben ir atados con correa para garantizar la seguridad de todos.<\/p>\n<p style=\"text-align: center;\"><strong>\u00bfPuedo dejarlo solo en la habitaci\u00f3n?<\/strong><br \/>\nTu compa\u00f1ero no podr\u00e1 quedarse solo en la habitaci\u00f3n (salvo excepciones). Si lo necesitas, podr\u00edas dejarlo s\u00f3lo en la habitaci\u00f3n con una c\u00e1mara tipo vigilabeb\u00e9s. Lo m\u00e1s f\u00e1cil es hacer una v\u00eddeo llamada de WhatsApp. Siempre si est\u00e1is en el hotel (para poder ir a buscarle si es necesario).<\/p>\n<p style=\"text-align: center;\"><strong>\u00bfPueden entrar en el restaurante?<\/strong><br \/>\nS\u00ed, podr\u00e1s disfrutar de la cena acompa\u00f1ada de tu amigo.<\/p>\n<p style=\"text-align: center;\"><strong>\u00bfQu\u00e9 sucede si mi perro da\u00f1a alguna instalaci\u00f3n?<\/strong><br \/>\nLos responsables de los animales se har\u00e1n cargo de los da\u00f1os que puedan producirse durante la estancia, tanto en el mobiliario como a terceras personas.<\/p>\n<p style=\"text-align: center;\"><strong>\u00bfPuedo ba\u00f1ar a mi perro?<\/strong><br \/>\nContamos con una zona designada para este uso. No est\u00e1 permitido lavar a ning\u00fan animal en el ba\u00f1o (lavabos, ba\u00f1eras y duchas).<\/p>\n<p style=\"text-align: center;\"><strong>\u00bfDebo recoger las deposiciones?<\/strong><br \/>\nS\u00ed, como due\u00f1a responsable, debes recoger las heces de tu perro en todas las \u00e1reas del hotel.<\/p>\n[\/vc_column_text]<div class=\"vcex-spacing\" style=\"height:100px\"><\/div>[\/vc_column][\/vc_row][vc_row el_class=\u00bbdisplaynone\u00bb][vc_column][vc_icon icon_fontawesome=\u00bbfas fa-angle-right\u00bb css=\u00bb\u00bb][\/vc_column][\/vc_row]\n<\/div>","protected":false},"excerpt":{"rendered":"<p>[vc_row full_width=\u00bbstretch_row_content_no_spaces\u00bb el_class=\u00bbheader-pages\u00bb css=\u00bb.vc_custom_1744104880120{margin-bottom: 50px !important;background-image: url(https:\/\/casaalbets.cat\/wp-content\/uploads\/2025\/04\/F53-Verde-cabecea-scaled.jpg?id=16491) !important;background-position: center !important;background-repeat: no-repeat !important;background-size: cover !important;}\u00bb wpex_bg_position=\u00bbbottom center\u00bb][vc_column el_class=\u00bbcolumn-bg\u00bb css=\u00bb.vc_custom_1525846768800{padding-top: 180px !important;padding-bottom: 180px !important;}\u00bb][vc_column_text css=\u00bb\u00bb el_class=\u00bbcabecera1&#8243;] Hotel 4 estrellas pet friendly a menos de dos horas de Barcelona [\/vc_column_text][vc_column_text css=\u00bb\u00bb el_class=\u00bbcabecera2&#8243;] Comparte&hellip;<\/p>\n","protected":false},"author":8,"featured_media":0,"parent":0,"menu_order":0,"comment_status":"closed","ping_status":"closed","template":"","meta":{"_joinchat":[],"footnotes":""},"yoast_head":"<!-- This site is optimized with the Yoast SEO plugin v23.0 - https:\/\/yoast.com\/wordpress\/plugins\/seo\/ -->\n<title>PET FRIENDLY - Casa Albets<\/title>\n<meta name=\"robots\" content=\"index, follow, max-snippet:-1, max-image-preview:large, max-video-preview:-1\" \/>\n<link rel=\"canonical\" href=\"https:\/\/casaalbets.cat\/es\/pet-friendly\/\" \/>\n<meta property=\"og:locale\" content=\"es_ES\" \/>\n<meta property=\"og:type\" content=\"article\" \/>\n<meta property=\"og:title\" content=\"PET FRIENDLY - Casa Albets\" \/>\n<meta property=\"og:description\" content=\"[vc_row full_width=\u00bbstretch_row_content_no_spaces\u00bb el_class=\u00bbheader-pages\u00bb css=\u00bb.vc_custom_1744104880120{margin-bottom: 50px !important;background-image: url(https:\/\/casaalbets.cat\/wp-content\/uploads\/2025\/04\/F53-Verde-cabecea-scaled.jpg?id=16491) !important;background-position: center !important;background-repeat: no-repeat !important;background-size: cover !important;}\u00bb wpex_bg_position=\u00bbbottom center\u00bb][vc_column el_class=\u00bbcolumn-bg\u00bb css=\u00bb.vc_custom_1525846768800{padding-top: 180px !important;padding-bottom: 180px !important;}\u00bb][vc_column_text css=\u00bb\u00bb el_class=\u00bbcabecera1&#8243;] Hotel 4 estrellas pet friendly a menos de dos horas de Barcelona [\/vc_column_text][vc_column_text css=\u00bb\u00bb el_class=\u00bbcabecera2&#8243;] Comparte&hellip;\" \/>\n<meta property=\"og:url\" content=\"https:\/\/casaalbets.cat\/es\/pet-friendly\/\" \/>\n<meta property=\"og:site_name\" content=\"Casa Albets\" \/>\n<meta property=\"article:modified_time\" content=\"2025-05-31T14:46:07+00:00\" \/>\n<meta name=\"twitter:card\" content=\"summary_large_image\" \/>\n<meta name=\"twitter:label1\" content=\"Tiempo de lectura\" \/>\n\t<meta name=\"twitter:data1\" content=\"6 minutos\" \/>\n<script type=\"application\/ld+json\" class=\"yoast-schema-graph\">{\"@context\":\"https:\/\/schema.org\",\"@graph\":[{\"@type\":\"WebPage\",\"@id\":\"https:\/\/casaalbets.cat\/es\/pet-friendly\/\",\"url\":\"https:\/\/casaalbets.cat\/es\/pet-friendly\/\",\"name\":\"PET FRIENDLY - Casa Albets\",\"isPartOf\":{\"@id\":\"https:\/\/casaalbets.cat\/ca\/#website\"},\"datePublished\":\"2022-06-07T19:03:19+00:00\",\"dateModified\":\"2025-05-31T14:46:07+00:00\",\"breadcrumb\":{\"@id\":\"https:\/\/casaalbets.cat\/es\/pet-friendly\/#breadcrumb\"},\"inLanguage\":\"es\",\"potentialAction\":[{\"@type\":\"ReadAction\",\"target\":[\"https:\/\/casaalbets.cat\/es\/pet-friendly\/\"]}]},{\"@type\":\"BreadcrumbList\",\"@id\":\"https:\/\/casaalbets.cat\/es\/pet-friendly\/#breadcrumb\",\"itemListElement\":[{\"@type\":\"ListItem\",\"position\":1,\"name\":\"Portada\",\"item\":\"https:\/\/casaalbets.cat\/es\/\"},{\"@type\":\"ListItem\",\"position\":2,\"name\":\"PET FRIENDLY\"}]},{\"@type\":\"WebSite\",\"@id\":\"https:\/\/casaalbets.cat\/ca\/#website\",\"url\":\"https:\/\/casaalbets.cat\/ca\/\",\"name\":\"Casa Albets\",\"description\":\"Hotel ecol\u00f3gico\",\"potentialAction\":[{\"@type\":\"SearchAction\",\"target\":{\"@type\":\"EntryPoint\",\"urlTemplate\":\"https:\/\/casaalbets.cat\/ca\/?s={search_term_string}\"},\"query-input\":\"required name=search_term_string\"}],\"inLanguage\":\"es\"}]}<\/script>\n<!-- \/ Yoast SEO plugin. -->","yoast_head_json":{"title":"PET FRIENDLY - Casa Albets","robots":{"index":"index","follow":"follow","max-snippet":"max-snippet:-1","max-image-preview":"max-image-preview:large","max-video-preview":"max-video-preview:-1"},"canonical":"https:\/\/casaalbets.cat\/es\/pet-friendly\/","og_locale":"es_ES","og_type":"article","og_title":"PET FRIENDLY - Casa Albets","og_description":"[vc_row full_width=\u00bbstretch_row_content_no_spaces\u00bb el_class=\u00bbheader-pages\u00bb css=\u00bb.vc_custom_1744104880120{margin-bottom: 50px !important;background-image: url(https:\/\/casaalbets.cat\/wp-content\/uploads\/2025\/04\/F53-Verde-cabecea-scaled.jpg?id=16491) !important;background-position: center !important;background-repeat: no-repeat !important;background-size: cover !important;}\u00bb wpex_bg_position=\u00bbbottom center\u00bb][vc_column el_class=\u00bbcolumn-bg\u00bb css=\u00bb.vc_custom_1525846768800{padding-top: 180px !important;padding-bottom: 180px !important;}\u00bb][vc_column_text css=\u00bb\u00bb el_class=\u00bbcabecera1&#8243;] Hotel 4 estrellas pet friendly a menos de dos horas de Barcelona [\/vc_column_text][vc_column_text css=\u00bb\u00bb el_class=\u00bbcabecera2&#8243;] Comparte&hellip;","og_url":"https:\/\/casaalbets.cat\/es\/pet-friendly\/","og_site_name":"Casa Albets","article_modified_time":"2025-05-31T14:46:07+00:00","twitter_card":"summary_large_image","twitter_misc":{"Tiempo de lectura":"6 minutos"},"schema":{"@context":"https:\/\/schema.org","@graph":[{"@type":"WebPage","@id":"https:\/\/casaalbets.cat\/es\/pet-friendly\/","url":"https:\/\/casaalbets.cat\/es\/pet-friendly\/","name":"PET FRIENDLY - Casa Albets","isPartOf":{"@id":"https:\/\/casaalbets.cat\/ca\/#website"},"datePublished":"2022-06-07T19:03:19+00:00","dateModified":"2025-05-31T14:46:07+00:00","breadcrumb":{"@id":"https:\/\/casaalbets.cat\/es\/pet-friendly\/#breadcrumb"},"inLanguage":"es","potentialAction":[{"@type":"ReadAction","target":["https:\/\/casaalbets.cat\/es\/pet-friendly\/"]}]},{"@type":"BreadcrumbList","@id":"https:\/\/casaalbets.cat\/es\/pet-friendly\/#breadcrumb","itemListElement":[{"@type":"ListItem","position":1,"name":"Portada","item":"https:\/\/casaalbets.cat\/es\/"},{"@type":"ListItem","position":2,"name":"PET FRIENDLY"}]},{"@type":"WebSite","@id":"https:\/\/casaalbets.cat\/ca\/#website","url":"https:\/\/casaalbets.cat\/ca\/","name":"Casa Albets","description":"Hotel ecol\u00f3gico","potentialAction":[{"@type":"SearchAction","target":{"@type":"EntryPoint","urlTemplate":"https:\/\/casaalbets.cat\/ca\/?s={search_term_string}"},"query-input":"required name=search_term_string"}],"inLanguage":"es"}]}},"_links":{"self":[{"href":"https:\/\/casaalbets.cat\/es\/wp-json\/wp\/v2\/pages\/13483"}],"collection":[{"href":"https:\/\/casaalbets.cat\/es\/wp-json\/wp\/v2\/pages"}],"about":[{"href":"https:\/\/casaalbets.cat\/es\/wp-json\/wp\/v2\/types\/page"}],"author":[{"embeddable":true,"href":"https:\/\/casaalbets.cat\/es\/wp-json\/wp\/v2\/users\/8"}],"replies":[{"embeddable":true,"href":"https:\/\/casaalbets.cat\/es\/wp-json\/wp\/v2\/comments?post=13483"}],"version-history":[{"count":0,"href":"https:\/\/casaalbets.cat\/es\/wp-json\/wp\/v2\/pages\/13483\/revisions"}],"wp:attachment":[{"href":"https:\/\/casaalbets.cat\/es\/wp-json\/wp\/v2\/media?parent=13483"}],"curies":[{"name":"wp","href":"https:\/\/api.w.org\/{rel}","templated":true}]}}