{"id":6106,"date":"2018-05-14T08:00:58","date_gmt":"2018-05-14T08:00:58","guid":{"rendered":"https:\/\/casaalbets.cat\/somos-veganos-copy\/"},"modified":"2025-05-31T14:50:14","modified_gmt":"2025-05-31T14:50:14","slug":"nosotros","status":"publish","type":"page","link":"https:\/\/casaalbets.cat\/es\/nosotros\/","title":{"rendered":"NOSOTROS"},"content":{"rendered":"<div class=\"wpb-content-wrapper\">[vc_row full_width=\u00bbstretch_row_content_no_spaces\u00bb el_class=\u00bbheader-pages\u00bb css=\u00bb.vc_custom_1744555695735{margin-bottom: 50px !important;background-image: url(https:\/\/casaalbets.cat\/wp-content\/uploads\/2025\/04\/F57-Verde-cabecera.jpg?id=16521) !important;background-position: center !important;background-repeat: no-repeat !important;background-size: cover !important;}\u00bb wpex_bg_position=\u00bbbottom center\u00bb][vc_column el_class=\u00bbcolumn-bg\u00bb css=\u00bb.vc_custom_1525846768800{padding-top: 180px !important;padding-bottom: 180px !important;}\u00bb][vc_column_text css=\u00bb\u00bb el_class=\u00bbcabecera1&#8243;]\n<h1 style=\"text-align: center;\">La historia de Casa Albets, nuestra historia<\/h1>\n[\/vc_column_text][vc_column_text css=\u00bb\u00bb el_class=\u00bbcabecera2&#8243;]\n<h2 style=\"text-align: center;\">Casa Albets es lo que es hoy, gracias a que siempre hemos sido fieles a nuestros valores<\/h2>\n[\/vc_column_text]<div class=\"vcex-sshortcode clr\"><div id='reservas'><\/div>\r\n\t<script\r\n        type='text\/javascript'> window.addEventListener('DOMContentLoaded',\r\n        function (event) {\r\n            let id_partner = '2809';\r\n            let container_div = 'body';\r\n            let lang = 'es';\r\n            let cod_promo = true;\r\n            let engine_color = '#628b3d';\r\n            let darkmode = false;\r\n            let rounded = '2px';\r\n            let shadow = '2px';\r\n            let corporate_engines = undefined;\r\n            let corporate_type = undefined;\r\n            let fnsbooking = new FNSbooking(id_partner, container_div, lang, engine_color, cod_promo, darkmode, rounded, shadow, corporate_engines, corporate_type);\r\n            let custom_styles = undefined;\r\n            fnsbooking.setCustomStyles(custom_styles);\r\n            fnsbooking.show();\r\n        });\r\n        <\/script><\/div>[\/vc_column][\/vc_row][vc_row][vc_column][vc_empty_space height=\u00bb60px\u00bb][vc_single_image image=\u00bb16527&#8243; img_size=\u00bb800&#215;600&#8243; alignment=\u00bbcenter\u00bb onclick=\u00bblink_image\u00bb css=\u00bb\u00bb el_class=\u00bbborde_redondeado\u00bb][\/vc_column][\/vc_row][vc_row][vc_column]<div class=\"vcex-spacing\" style=\"height:60px\"><\/div>[vc_column_text css=\u00bb\u00bb]\n<p style=\"text-align: center;\">Aunque esta mas\u00eda pertenec\u00eda a mi familia desde el s.XI, el proyecto de Casa Albets comenz\u00f3 cuando conoc\u00ed a Joel. La semilla de Casa Albets es conjunta.<\/p>\n[\/vc_column_text]<div class=\"vcex-spacing\" style=\"height:30px\"><\/div>[vc_column_text css=\u00bb\u00bb]\n<p style=\"text-align: center;\">\u00a1Ah! Por cierto, soy Megan heredera de Casa Albets y la encargada de hacer que te sientas como en casa cuando vengas a visitarnos.<\/p>\n[\/vc_column_text]<div class=\"vcex-spacing\" style=\"height:30px\"><\/div>[vc_column_text css=\u00bb\u00bb]\n<p style=\"text-align: center;\">Pero antes de vernos en persona, quiero que conozcas un poco nuestra historia.<\/p>\n[\/vc_column_text]<div class=\"vcex-spacing\" style=\"height:30px\"><\/div>[vc_column_text css=\u00bb\u00bb]\n<p style=\"text-align: center;\">Empezamos con mucha ilusi\u00f3n pero con nula experiencia. Desde que abrimos nuestras puertas en 2017, hemos afrontado golpes tan duros como la pandemia, cuando nos vimos obligadas a cerrar temporalmente y nos quedamos sin ninguna fuente de ingresos y con dos hijas peque\u00f1as. Lo hemos hecho todo a la vez, hemos construido un proyecto de vida precioso y hemos formado una familia (tenemos 3 hijas)&#8230; Una locura de la que estamos muy orgullosas.<\/p>\n[\/vc_column_text]<div class=\"vcex-spacing\" style=\"height:30px\"><\/div>[vc_column_text css=\u00bb\u00bb]\n<p style=\"text-align: center;\">Todas las piedras en el camino nos han servido para reflexionar, aprender de nuestros errores e ir haciendo evolucionar nuestro negocio.<\/p>\n[\/vc_column_text]<div class=\"vcex-spacing\" style=\"height:30px\"><\/div>[vc_column_text css=\u00bb\u00bb]\n<p style=\"text-align: center;\">Joel y yo nunca desistimos y, \u00bfsabes por qu\u00e9? Porque ten\u00edamos un prop\u00f3sito claro:<\/p>\n[\/vc_column_text]<div class=\"vcex-spacing\" style=\"height:30px\"><\/div>[vc_column_text css=\u00bb\u00bb]\n<p style=\"text-align: center;\"><strong>Ofrecer una experiencia gastron\u00f3mica vegana excelente que inspire un estilo de vida m\u00e1s \u00e9tico y respetuoso, y crear un espacio de bienestar donde todas las personas se sientan seguras en un hotel pac\u00edfico e inclusivo.<\/strong><\/p>\n[\/vc_column_text]<div class=\"vcex-spacing\" style=\"height:30px\"><\/div>[vc_column_text css=\u00bb\u00bb]\n<p style=\"text-align: center;\">Gracias a nuestro esfuerzo, mucha inversi\u00f3n y un constante aprendizaje, podemos decir que Casa Albets est\u00e1 100% alineada con los prop\u00f3sitos que nos llevaron a emprender.<\/p>\n[\/vc_column_text][\/vc_column][\/vc_row][vc_row][vc_column][vc_empty_space height=\u00bb60px\u00bb][vc_single_image image=\u00bb16534&#8243; img_size=\u00bb600&#215;600&#8243; alignment=\u00bbcenter\u00bb onclick=\u00bblink_image\u00bb css=\u00bb\u00bb el_class=\u00bbborde_redondeado\u00bb]<div class=\"vcex-spacing\" style=\"height:30px\"><\/div>[vc_column_text css=\u00bb\u00bb]\n<p style=\"text-align: center;\"><strong>Somos Megan y Joel, el equipo de Casa Albets<\/strong><\/p>\n<p style=\"text-align: center;\">Somos familia numerosa y multiespecie (3 ni\u00f1xs, 3 perros y 4 gatos) y trabajamos mano a mano para que siempre elijas volver.<\/p>\n[\/vc_column_text][\/vc_column][\/vc_row][vc_row el_class=\u00bbfila_estrecha\u00bb][vc_column width=\u00bb1\/2&#8243;]<div class=\"vcex-spacing\" style=\"height:60px\"><\/div>[vc_column_text css=\u00bb\u00bb el_class=\u00bbtextocabecera\u00bb]\n<p style=\"text-align: center;\">Megan<\/p>\n[\/vc_column_text]<div class=\"vcex-spacing\" style=\"height:30px\"><\/div>[vc_single_image image=\u00bb16540&#8243; img_size=\u00bb400&#215;600&#8243; alignment=\u00bbcenter\u00bb onclick=\u00bblink_image\u00bb css=\u00bb\u00bb el_class=\u00bbborde_redondeado\u00bb]<div class=\"vcex-spacing\" style=\"height:30px\"><\/div>[vc_column_text css=\u00bb\u00bb]\n<p style=\"text-align: center;\">Me ver\u00e1s en todos lados porque soy todoterreno. Atiendo tus llamadas y mensajes, sirvo la cena y el desayuno, soy recepcionista en todos los turnos, llevo la contabilidad y cuido todos los detalles&#8230;\u00a1ah! y adem\u00e1s soy creadora de contenido en Instagram.<\/p>\n[\/vc_column_text]<div class=\"vcex-spacing\" style=\"height:30px\"><\/div>[\/vc_column][vc_column width=\u00bb1\/2&#8243;]<div class=\"vcex-spacing\" style=\"height:60px\"><\/div>[vc_column_text css=\u00bb\u00bb el_class=\u00bbtextocabecera\u00bb]\n<p style=\"text-align: center;\">Joel<\/p>\n[\/vc_column_text]<div class=\"vcex-spacing\" style=\"height:30px\"><\/div>[vc_single_image image=\u00bb16546&#8243; img_size=\u00bb400&#215;600&#8243; alignment=\u00bbcenter\u00bb onclick=\u00bblink_image\u00bb css=\u00bb\u00bb el_class=\u00bbborde_redondeado\u00bb]<div class=\"vcex-spacing\" style=\"height:30px\"><\/div>[vc_column_text css=\u00bb\u00bb]\n<p style=\"text-align: center;\">Oficialmente el chef del restaurante, y la persona que va a poner tus papilas gustativas patas arriba. Aunque, en ocasiones, tambi\u00e9n puedo ser hortelano, electricista o jardinero.<\/p>\n[\/vc_column_text]<div class=\"vcex-spacing\" style=\"height:30px\"><\/div>[\/vc_column][\/vc_row][vc_row][vc_column]<div class=\"vcex-spacing\" style=\"height:60px\"><\/div>[vc_column_text css=\u00bb\u00bb el_class=\u00bbtextocabecera\u00bb]\n<h2 style=\"text-align: center;\">Somos emprendedoras con valores<\/h2>\n[\/vc_column_text]<div class=\"vcex-spacing\" style=\"height:30px\"><\/div>[vc_column_text css=\u00bb\u00bb]\n<p class=\"texto_resaltado\" style=\"text-align: center;\"><strong>Ecologistas<\/strong><\/p>\n<p style=\"text-align: center;\"><strong>Cada aspecto de tu estancia en Casa Albets estar\u00e1 alineado con unos valores<br \/>\nsostenibles.<\/strong><\/p>\n<p style=\"text-align: center;\">\u00a0&#8211; Todos nuestros productos desde alimentos hasta cosm\u00e9ticos y mobiliario son veganos, ecol\u00f3gicos y locales (siempre que es posible), para reducir al m\u00e1ximo nuestra huella de carbono.<br \/>\n&#8211; Calentamos nuestras instalaciones con biomasa de la comarca.<br \/>\n&#8211; Compostamos cualquier residuo org\u00e1nico.<br \/>\n&#8211; Tratamos nuestras aguas grises de forma natural en una depuradora con plantas especializadas.<br \/>\n&#8211; Reciclamos el 100% de nuestros residuos reciclables.<br \/>\n&#8211; Nuestra energ\u00eda proviene de nuestras placas solares, y cuando necesitamos suministro extra, la compramos a una empresa que distribuye solo energ\u00eda renovable.<\/p>\n[\/vc_column_text]<div class=\"vcex-spacing\" style=\"height:30px\"><\/div>[vc_column_text css=\u00bb\u00bb]\n<p class=\"texto_resaltado\" style=\"text-align: center;\"><strong>Personas veganas<\/strong><\/p>\n<p style=\"text-align: center;\"><strong>Porque si est\u00e1s sensibilizada con el respeto a los animales, aqu\u00ed podr\u00e1s disfrutar acorde a tus valores sin tener que renunciar a nada.<\/strong><\/p>\n<p style=\"text-align: center;\">\u00a0&#8211; Parte de nuestros beneficios los destinamos a causas animalistas.<br \/>\n&#8211; Si viajas con tu peludo ser\u00e1 m\u00e1s que bienvenido.<br \/>\n&#8211; TODO (todo, todo, todo de verdad) es vegano. No s\u00f3lo la comida (que \u00e9s lo m\u00e1s evidente) sin\u00f3 tambi\u00e9n nuestra ropa y zapatos, los cosm\u00e9ticos, mobiliario, ropa de cama, decoraci\u00f3n&#8230;<\/p>\n[\/vc_column_text]<div class=\"vcex-spacing\" style=\"height:30px\"><\/div>[vc_column_text css=\u00bb\u00bb]\n<p class=\"texto_resaltado\" style=\"text-align: center;\"><strong>De comercio justo<\/strong><\/p>\n<p style=\"text-align: center;\"><strong>Porque somos un negocio familiar que respalda a otras peque\u00f1as empresas al<br \/>\nentender los desaf\u00edos que conlleva hacer prosperar un negocio.<\/strong><\/p>\n<p style=\"text-align: center;\">\u00a0&#8211; Trabajamos con peque\u00f1as empresas y artesanas de la comarca.<br \/>\n&#8211; Solo colaboramos con marcas acorde a nuestros valores.<br \/>\n&#8211; Aquellos productos que no podemos comprar localmente (como el chocolate o el caf\u00e9) los compramos ecol\u00f3gicos y con sello de comercio justo.<\/p>\n[\/vc_column_text]<div class=\"vcex-spacing\" style=\"height:30px\"><\/div>[\/vc_column][\/vc_row][vc_row][vc_column]<div class=\"vcex-spacing\" style=\"height:60px\"><\/div>[vc_column_text css=\u00bb\u00bb el_class=\u00bbtextocabecera\u00bb]\n<p style=\"text-align: center;\">Ha pasado por nuestra casa miles de hu\u00e9spedes.<\/p>\n[\/vc_column_text][\/vc_column][\/vc_row][vc_row][vc_column]<div class=\"vcex-spacing\" style=\"height:60px\"><\/div>[vc_column_text css=\u00bb\u00bb]\n<p style=\"text-align: center;\">Y decimos con orgullo que tenemos una incre\u00edble comunidad en Instagram con la que compartimos valores y alguna que otras risas<\/p>\n[\/vc_column_text]<div class=\"vcex-spacing\" style=\"height:30px\"><\/div>[vc_single_image image=\u00bb17105&#8243; alignment=\u00bbcenter\u00bb onclick=\u00bbcustom_link\u00bb img_link_target=\u00bb_blank\u00bb css=\u00bb\u00bb link=\u00bbhttps:\/\/www.instagram.com\/hotelcasaalbets\/\u00bb]<div class=\"vcex-spacing\" style=\"height:30px\"><\/div>[vc_column_text css=\u00bb\u00bb]\n<p style=\"text-align: center;\">As\u00ed que, si eres m\u00e1s de&#8230;<\/p>\n<p style=\"text-align: center;\"><strong>Dejar tu huella en la tierra antes que en el medio ambiente<\/strong><br \/>\n<strong>Comerte A BESOS a los animales<\/strong><br \/>\n<strong>Apoyar a negocios locales en vez de comprar a grandes empresas<\/strong><\/p>\n<p style=\"text-align: center;\">Entonces, eres muy de Casa Albets<br \/>\ny ya te estamos esperando.<\/p>\n[\/vc_column_text][\/vc_column][\/vc_row][vc_row][vc_column]<div class=\"vcex-spacing\" style=\"height:60px\"><\/div>[vc_column_text css=\u00bb\u00bb el_class=\u00bbcta_nsc\u00bb]\n<h3 style=\"text-align: center;\">Reserva tu habitaci\u00f3n en Casa Albets con cena degustaci\u00f3n incluida <span class=\"vc_icon_element-icon fas fa-chevron-right\">\u00a0<\/span><\/h3>\n[\/vc_column_text]<div class=\"vcex-spacing\" style=\"height:100px\"><\/div>[\/vc_column][\/vc_row][vc_row el_class=\u00bbdisplaynone\u00bb][vc_column][vc_icon icon_fontawesome=\u00bbfas fa-angle-right\u00bb css=\u00bb\u00bb][\/vc_column][\/vc_row]\n<\/div>","protected":false},"excerpt":{"rendered":"<p>[vc_row full_width=\u00bbstretch_row_content_no_spaces\u00bb el_class=\u00bbheader-pages\u00bb css=\u00bb.vc_custom_1744555695735{margin-bottom: 50px !important;background-image: url(https:\/\/casaalbets.cat\/wp-content\/uploads\/2025\/04\/F57-Verde-cabecera.jpg?id=16521) !important;background-position: center !important;background-repeat: no-repeat !important;background-size: cover !important;}\u00bb wpex_bg_position=\u00bbbottom center\u00bb][vc_column el_class=\u00bbcolumn-bg\u00bb css=\u00bb.vc_custom_1525846768800{padding-top: 180px !important;padding-bottom: 180px !important;}\u00bb][vc_column_text css=\u00bb\u00bb el_class=\u00bbcabecera1&#8243;] La historia de Casa Albets, nuestra historia [\/vc_column_text][vc_column_text css=\u00bb\u00bb el_class=\u00bbcabecera2&#8243;] Casa Albets es lo que es&hellip;<\/p>\n","protected":false},"author":8,"featured_media":0,"parent":0,"menu_order":0,"comment_status":"closed","ping_status":"closed","template":"","meta":{"_joinchat":[],"footnotes":""},"yoast_head":"<!-- This site is optimized with the Yoast SEO plugin v23.0 - https:\/\/yoast.com\/wordpress\/plugins\/seo\/ -->\n<title>NOSOTROS - Casa Albets<\/title>\n<meta name=\"robots\" content=\"index, follow, max-snippet:-1, max-image-preview:large, max-video-preview:-1\" \/>\n<link rel=\"canonical\" href=\"https:\/\/casaalbets.cat\/es\/nosotros\/\" \/>\n<meta property=\"og:locale\" content=\"es_ES\" \/>\n<meta property=\"og:type\" content=\"article\" \/>\n<meta property=\"og:title\" content=\"NOSOTROS - Casa Albets\" \/>\n<meta property=\"og:description\" content=\"[vc_row full_width=\u00bbstretch_row_content_no_spaces\u00bb el_class=\u00bbheader-pages\u00bb css=\u00bb.vc_custom_1744555695735{margin-bottom: 50px !important;background-image: url(https:\/\/casaalbets.cat\/wp-content\/uploads\/2025\/04\/F57-Verde-cabecera.jpg?id=16521) !important;background-position: center !important;background-repeat: no-repeat !important;background-size: cover !important;}\u00bb wpex_bg_position=\u00bbbottom center\u00bb][vc_column el_class=\u00bbcolumn-bg\u00bb css=\u00bb.vc_custom_1525846768800{padding-top: 180px !important;padding-bottom: 180px !important;}\u00bb][vc_column_text css=\u00bb\u00bb el_class=\u00bbcabecera1&#8243;] La historia de Casa Albets, nuestra historia [\/vc_column_text][vc_column_text css=\u00bb\u00bb el_class=\u00bbcabecera2&#8243;] Casa Albets es lo que es&hellip;\" \/>\n<meta property=\"og:url\" content=\"https:\/\/casaalbets.cat\/es\/nosotros\/\" \/>\n<meta property=\"og:site_name\" content=\"Casa Albets\" \/>\n<meta property=\"article:modified_time\" content=\"2025-05-31T14:50:14+00:00\" \/>\n<meta name=\"twitter:card\" content=\"summary_large_image\" \/>\n<meta name=\"twitter:label1\" content=\"Tiempo de lectura\" \/>\n\t<meta name=\"twitter:data1\" content=\"6 minutos\" \/>\n<script type=\"application\/ld+json\" class=\"yoast-schema-graph\">{\"@context\":\"https:\/\/schema.org\",\"@graph\":[{\"@type\":\"WebPage\",\"@id\":\"https:\/\/casaalbets.cat\/es\/nosotros\/\",\"url\":\"https:\/\/casaalbets.cat\/es\/nosotros\/\",\"name\":\"NOSOTROS - Casa Albets\",\"isPartOf\":{\"@id\":\"https:\/\/casaalbets.cat\/ca\/#website\"},\"datePublished\":\"2018-05-14T08:00:58+00:00\",\"dateModified\":\"2025-05-31T14:50:14+00:00\",\"breadcrumb\":{\"@id\":\"https:\/\/casaalbets.cat\/es\/nosotros\/#breadcrumb\"},\"inLanguage\":\"es\",\"potentialAction\":[{\"@type\":\"ReadAction\",\"target\":[\"https:\/\/casaalbets.cat\/es\/nosotros\/\"]}]},{\"@type\":\"BreadcrumbList\",\"@id\":\"https:\/\/casaalbets.cat\/es\/nosotros\/#breadcrumb\",\"itemListElement\":[{\"@type\":\"ListItem\",\"position\":1,\"name\":\"Portada\",\"item\":\"https:\/\/casaalbets.cat\/es\/\"},{\"@type\":\"ListItem\",\"position\":2,\"name\":\"NOSOTROS\"}]},{\"@type\":\"WebSite\",\"@id\":\"https:\/\/casaalbets.cat\/ca\/#website\",\"url\":\"https:\/\/casaalbets.cat\/ca\/\",\"name\":\"Casa Albets\",\"description\":\"Hotel ecol\u00f3gico\",\"potentialAction\":[{\"@type\":\"SearchAction\",\"target\":{\"@type\":\"EntryPoint\",\"urlTemplate\":\"https:\/\/casaalbets.cat\/ca\/?s={search_term_string}\"},\"query-input\":\"required name=search_term_string\"}],\"inLanguage\":\"es\"}]}<\/script>\n<!-- \/ Yoast SEO plugin. -->","yoast_head_json":{"title":"NOSOTROS - Casa Albets","robots":{"index":"index","follow":"follow","max-snippet":"max-snippet:-1","max-image-preview":"max-image-preview:large","max-video-preview":"max-video-preview:-1"},"canonical":"https:\/\/casaalbets.cat\/es\/nosotros\/","og_locale":"es_ES","og_type":"article","og_title":"NOSOTROS - Casa Albets","og_description":"[vc_row full_width=\u00bbstretch_row_content_no_spaces\u00bb el_class=\u00bbheader-pages\u00bb css=\u00bb.vc_custom_1744555695735{margin-bottom: 50px !important;background-image: url(https:\/\/casaalbets.cat\/wp-content\/uploads\/2025\/04\/F57-Verde-cabecera.jpg?id=16521) !important;background-position: center !important;background-repeat: no-repeat !important;background-size: cover !important;}\u00bb wpex_bg_position=\u00bbbottom center\u00bb][vc_column el_class=\u00bbcolumn-bg\u00bb css=\u00bb.vc_custom_1525846768800{padding-top: 180px !important;padding-bottom: 180px !important;}\u00bb][vc_column_text css=\u00bb\u00bb el_class=\u00bbcabecera1&#8243;] La historia de Casa Albets, nuestra historia [\/vc_column_text][vc_column_text css=\u00bb\u00bb el_class=\u00bbcabecera2&#8243;] Casa Albets es lo que es&hellip;","og_url":"https:\/\/casaalbets.cat\/es\/nosotros\/","og_site_name":"Casa Albets","article_modified_time":"2025-05-31T14:50:14+00:00","twitter_card":"summary_large_image","twitter_misc":{"Tiempo de lectura":"6 minutos"},"schema":{"@context":"https:\/\/schema.org","@graph":[{"@type":"WebPage","@id":"https:\/\/casaalbets.cat\/es\/nosotros\/","url":"https:\/\/casaalbets.cat\/es\/nosotros\/","name":"NOSOTROS - Casa Albets","isPartOf":{"@id":"https:\/\/casaalbets.cat\/ca\/#website"},"datePublished":"2018-05-14T08:00:58+00:00","dateModified":"2025-05-31T14:50:14+00:00","breadcrumb":{"@id":"https:\/\/casaalbets.cat\/es\/nosotros\/#breadcrumb"},"inLanguage":"es","potentialAction":[{"@type":"ReadAction","target":["https:\/\/casaalbets.cat\/es\/nosotros\/"]}]},{"@type":"BreadcrumbList","@id":"https:\/\/casaalbets.cat\/es\/nosotros\/#breadcrumb","itemListElement":[{"@type":"ListItem","position":1,"name":"Portada","item":"https:\/\/casaalbets.cat\/es\/"},{"@type":"ListItem","position":2,"name":"NOSOTROS"}]},{"@type":"WebSite","@id":"https:\/\/casaalbets.cat\/ca\/#website","url":"https:\/\/casaalbets.cat\/ca\/","name":"Casa Albets","description":"Hotel ecol\u00f3gico","potentialAction":[{"@type":"SearchAction","target":{"@type":"EntryPoint","urlTemplate":"https:\/\/casaalbets.cat\/ca\/?s={search_term_string}"},"query-input":"required name=search_term_string"}],"inLanguage":"es"}]}},"_links":{"self":[{"href":"https:\/\/casaalbets.cat\/es\/wp-json\/wp\/v2\/pages\/6106"}],"collection":[{"href":"https:\/\/casaalbets.cat\/es\/wp-json\/wp\/v2\/pages"}],"about":[{"href":"https:\/\/casaalbets.cat\/es\/wp-json\/wp\/v2\/types\/page"}],"author":[{"embeddable":true,"href":"https:\/\/casaalbets.cat\/es\/wp-json\/wp\/v2\/users\/8"}],"replies":[{"embeddable":true,"href":"https:\/\/casaalbets.cat\/es\/wp-json\/wp\/v2\/comments?post=6106"}],"version-history":[{"count":0,"href":"https:\/\/casaalbets.cat\/es\/wp-json\/wp\/v2\/pages\/6106\/revisions"}],"wp:attachment":[{"href":"https:\/\/casaalbets.cat\/es\/wp-json\/wp\/v2\/media?parent=6106"}],"curies":[{"name":"wp","href":"https:\/\/api.w.org\/{rel}","templated":true}]}}